{"id":6168,"date":"2018-11-21T12:04:11","date_gmt":"2018-11-21T11:04:11","guid":{"rendered":"http:\/\/campano.salesianos.edu\/colegio\/?page_id=6168"},"modified":"2018-11-21T12:07:53","modified_gmt":"2018-11-21T11:07:53","slug":"objetivos-aula-integracion","status":"publish","type":"page","link":"https:\/\/campano.salesianos.edu\/colegio\/objetivos-aula-integracion\/","title":{"rendered":"Objetivos aula integraci\u00f3n"},"content":{"rendered":"<div id=\"fb-root\"><\/div>\n<p>[et_pb_section bb_built=\u00bb1&#8243;][et_pb_row][et_pb_column type=\u00bb4_4&#8243;][et_pb_text _builder_version=\u00bb3.0.105&#8243; background_layout=\u00bblight\u00bb]<\/p>\n<ol>\n<li><u>OBJETIVOS<\/u>.<\/li>\n<\/ol>\n<p>&nbsp;<\/p>\n<p>Alumnado.<\/p>\n<p>&nbsp;<\/p>\n<ul>\n<li>Potenciar el desarrollo integral en los alumnos\/as que acuden al centr<\/li>\n<li>Potenciar el nivel de competencia en las \u00e1reas instrumentale<\/li>\n<li>Capacitar para el ejercicio de actividades profesionale<\/li>\n<li>Contribuir a la individualizaci\u00f3n y personalizaci\u00f3n de losprocesos de ense\u00f1anza\/aprendizaje atendiendo a la diversidad en todo mome<\/li>\n<li>Favorecer la participaci\u00f3n del alumnado en el centro, as\u00ed como su motivaci\u00f3n y expectativas educativa<\/li>\n<li>Fomentar h\u00e1bitos de comportamientos democr\u00e1ticos, respeto y ayuda, potenciando el di\u00e1logo como v\u00eda de resoluci\u00f3n de conflic<\/li>\n<li>Favorecer la adquisici\u00f3n de h\u00e1bitos saludables, concienciando a nuestros alumnos\/as de la importancia de llevar una vida sana.<\/li>\n<li>Fomentar la lectura; para la adquisici\u00f3n del h\u00e1bito lector.<\/li>\n<\/ul>\n<p>&nbsp;<\/p>\n<p>&nbsp;<\/p>\n<p>&nbsp;<\/p>\n<p>&nbsp;<\/p>\n<p>&nbsp;<\/p>\n<p>&nbsp;<\/p>\n<p>&nbsp;<\/p>\n<p>Profesorado.<\/p>\n<p>&nbsp;<\/p>\n<ul>\n<li>Apoyar y ofrecer un soporte t\u00e9cnico a las actividades de atenci\u00f3n a la diversidad que el profesorado realiza y posibilitar l\u00edneas de acci\u00f3n comunes para que se favorezca el desarrollo integra<\/li>\n<li>Favorecer la formaci\u00f3n, informaci\u00f3n y asesoramiento de \u00e9ste en todos los momentos que sea necesar<\/li>\n<li>Proporcionar a los profesores\/as que lo soliciten material para atender a nuestro alumna<\/li>\n<li>Colaborar con el profesorado en la acci\u00f3n tutorial de aquellos grupos que integran alumnado del aula de apoyo con distintas caracter\u00edsticas personales y acad\u00e9micas<\/li>\n<\/ul>\n<p>&nbsp;<\/p>\n<p>Familias.<\/p>\n<p>&nbsp;<\/p>\n<ul>\n<li>Favorecer la formaci\u00f3n, informaci\u00f3n y asesoramiento de las familias en todo momento, con la finalidad de dotar de coherencia y continuidad el aprendizaje de sus hijos\/a<\/li>\n<li>Potenciar la participaci\u00f3n de la familia en el proceso educativo de sus hijos\/a<\/li>\n<\/ul>\n<p>&nbsp;<\/p>\n<p>Centro.<\/p>\n<ul>\n<li>Ser el instrumento que facilite al centro organizar los apoyos y priorizar los recursos personales de que dispone, para ajustarlos a las necesidades del alumna<\/li>\n<li>Guiar la concreci\u00f3n de criterios para priorizar la respuesta educativ<\/li>\n<li>Establecer las medidas y pautas a seguir en el centro para la acogida e inclusi\u00f3n del alumnado inmigrante y de minor\u00edas socioculturale<\/li>\n<li>Prever una planificaci\u00f3n que permita introducir cambios ante nuevas necesidades que puedan surgir a lo largo del curs<\/li>\n<li>Guiar la evaluaci\u00f3n interna de la eficacia de la Atenci\u00f3n a la Diversidad al finalizar cada curso escolar, e identificar aquellos aspectos que precisan mejorar en el curso siguient<\/li>\n<li>Elaborar y aplicar, cuando sea necesario, programaciones did\u00e1cticas de refuerzo en determinadas \u00e1reas del curr\u00edculum o para los aprendizajes instrumentales (lectura, escritura, c\u00e1lculo, resoluci\u00f3n de problemas\u2026).<\/li>\n<\/ul>\n<p>[\/et_pb_text][\/et_pb_column][\/et_pb_row][\/et_pb_section]<\/p>\n<!-- AddThis Advanced Settings generic via filter on the_content --><!-- AddThis Share Buttons generic via filter on the_content -->","protected":false},"excerpt":{"rendered":"<p><!-- AddThis Advanced Settings generic via filter on the_excerpt --><!-- AddThis Share Buttons generic via filter on the_excerpt --><\/p>\n","protected":false},"author":3,"featured_media":0,"parent":0,"menu_order":0,"comment_status":"closed","ping_status":"closed","template":"","meta":{"_et_pb_use_builder":"on","_et_pb_old_content":"","_et_gb_content_width":"","footnotes":""},"class_list":["post-6168","page","type-page","status-publish","hentry"],"yoast_head":"<!-- This site is optimized with the Yoast SEO plugin v27.3 - https:\/\/yoast.com\/product\/yoast-seo-wordpress\/ -->\n<title>Objetivos aula integraci\u00f3n - Colegio<\/title>\n<meta name=\"robots\" content=\"index, follow, max-snippet:-1, max-image-preview:large, max-video-preview:-1\" \/>\n<link rel=\"canonical\" href=\"https:\/\/campano.salesianos.edu\/colegio\/objetivos-aula-integracion\/\" \/>\n<meta property=\"og:locale\" content=\"es_ES\" \/>\n<meta property=\"og:type\" content=\"article\" \/>\n<meta property=\"og:title\" content=\"Objetivos aula integraci\u00f3n - Colegio\" \/>\n<meta property=\"og:url\" content=\"https:\/\/campano.salesianos.edu\/colegio\/objetivos-aula-integracion\/\" \/>\n<meta property=\"og:site_name\" content=\"Colegio\" \/>\n<meta property=\"article:modified_time\" content=\"2018-11-21T11:07:53+00:00\" \/>\n<meta name=\"twitter:card\" content=\"summary_large_image\" \/>\n<meta name=\"twitter:label1\" content=\"Tiempo de lectura\" \/>\n\t<meta name=\"twitter:data1\" content=\"2 minutos\" \/>\n<script type=\"application\/ld+json\" class=\"yoast-schema-graph\">{\"@context\":\"https:\\\/\\\/schema.org\",\"@graph\":[{\"@type\":\"WebPage\",\"@id\":\"https:\\\/\\\/campano.salesianos.edu\\\/colegio\\\/objetivos-aula-integracion\\\/\",\"url\":\"https:\\\/\\\/campano.salesianos.edu\\\/colegio\\\/objetivos-aula-integracion\\\/\",\"name\":\"Objetivos aula integraci\u00f3n - Colegio\",\"isPartOf\":{\"@id\":\"https:\\\/\\\/campano.salesianos.edu\\\/colegio\\\/#website\"},\"datePublished\":\"2018-11-21T11:04:11+00:00\",\"dateModified\":\"2018-11-21T11:07:53+00:00\",\"breadcrumb\":{\"@id\":\"https:\\\/\\\/campano.salesianos.edu\\\/colegio\\\/objetivos-aula-integracion\\\/#breadcrumb\"},\"inLanguage\":\"es\",\"potentialAction\":[{\"@type\":\"ReadAction\",\"target\":[\"https:\\\/\\\/campano.salesianos.edu\\\/colegio\\\/objetivos-aula-integracion\\\/\"]}]},{\"@type\":\"BreadcrumbList\",\"@id\":\"https:\\\/\\\/campano.salesianos.edu\\\/colegio\\\/objetivos-aula-integracion\\\/#breadcrumb\",\"itemListElement\":[{\"@type\":\"ListItem\",\"position\":1,\"name\":\"Portada\",\"item\":\"https:\\\/\\\/campano.salesianos.edu\\\/colegio\\\/\"},{\"@type\":\"ListItem\",\"position\":2,\"name\":\"Objetivos aula integraci\u00f3n\"}]},{\"@type\":\"WebSite\",\"@id\":\"https:\\\/\\\/campano.salesianos.edu\\\/colegio\\\/#website\",\"url\":\"https:\\\/\\\/campano.salesianos.edu\\\/colegio\\\/\",\"name\":\"Colegio\",\"description\":\"P\u00e1gina oficial Salesianos Campano\",\"potentialAction\":[{\"@type\":\"SearchAction\",\"target\":{\"@type\":\"EntryPoint\",\"urlTemplate\":\"https:\\\/\\\/campano.salesianos.edu\\\/colegio\\\/?s={search_term_string}\"},\"query-input\":{\"@type\":\"PropertyValueSpecification\",\"valueRequired\":true,\"valueName\":\"search_term_string\"}}],\"inLanguage\":\"es\"}]}<\/script>\n<!-- \/ Yoast SEO plugin. -->","yoast_head_json":{"title":"Objetivos aula integraci\u00f3n - Colegio","robots":{"index":"index","follow":"follow","max-snippet":"max-snippet:-1","max-image-preview":"max-image-preview:large","max-video-preview":"max-video-preview:-1"},"canonical":"https:\/\/campano.salesianos.edu\/colegio\/objetivos-aula-integracion\/","og_locale":"es_ES","og_type":"article","og_title":"Objetivos aula integraci\u00f3n - Colegio","og_url":"https:\/\/campano.salesianos.edu\/colegio\/objetivos-aula-integracion\/","og_site_name":"Colegio","article_modified_time":"2018-11-21T11:07:53+00:00","twitter_card":"summary_large_image","twitter_misc":{"Tiempo de lectura":"2 minutos"},"schema":{"@context":"https:\/\/schema.org","@graph":[{"@type":"WebPage","@id":"https:\/\/campano.salesianos.edu\/colegio\/objetivos-aula-integracion\/","url":"https:\/\/campano.salesianos.edu\/colegio\/objetivos-aula-integracion\/","name":"Objetivos aula integraci\u00f3n - Colegio","isPartOf":{"@id":"https:\/\/campano.salesianos.edu\/colegio\/#website"},"datePublished":"2018-11-21T11:04:11+00:00","dateModified":"2018-11-21T11:07:53+00:00","breadcrumb":{"@id":"https:\/\/campano.salesianos.edu\/colegio\/objetivos-aula-integracion\/#breadcrumb"},"inLanguage":"es","potentialAction":[{"@type":"ReadAction","target":["https:\/\/campano.salesianos.edu\/colegio\/objetivos-aula-integracion\/"]}]},{"@type":"BreadcrumbList","@id":"https:\/\/campano.salesianos.edu\/colegio\/objetivos-aula-integracion\/#breadcrumb","itemListElement":[{"@type":"ListItem","position":1,"name":"Portada","item":"https:\/\/campano.salesianos.edu\/colegio\/"},{"@type":"ListItem","position":2,"name":"Objetivos aula integraci\u00f3n"}]},{"@type":"WebSite","@id":"https:\/\/campano.salesianos.edu\/colegio\/#website","url":"https:\/\/campano.salesianos.edu\/colegio\/","name":"Colegio","description":"P\u00e1gina oficial Salesianos Campano","potentialAction":[{"@type":"SearchAction","target":{"@type":"EntryPoint","urlTemplate":"https:\/\/campano.salesianos.edu\/colegio\/?s={search_term_string}"},"query-input":{"@type":"PropertyValueSpecification","valueRequired":true,"valueName":"search_term_string"}}],"inLanguage":"es"}]}},"_links":{"self":[{"href":"https:\/\/campano.salesianos.edu\/colegio\/wp-json\/wp\/v2\/pages\/6168","targetHints":{"allow":["GET"]}}],"collection":[{"href":"https:\/\/campano.salesianos.edu\/colegio\/wp-json\/wp\/v2\/pages"}],"about":[{"href":"https:\/\/campano.salesianos.edu\/colegio\/wp-json\/wp\/v2\/types\/page"}],"author":[{"embeddable":true,"href":"https:\/\/campano.salesianos.edu\/colegio\/wp-json\/wp\/v2\/users\/3"}],"replies":[{"embeddable":true,"href":"https:\/\/campano.salesianos.edu\/colegio\/wp-json\/wp\/v2\/comments?post=6168"}],"version-history":[{"count":1,"href":"https:\/\/campano.salesianos.edu\/colegio\/wp-json\/wp\/v2\/pages\/6168\/revisions"}],"predecessor-version":[{"id":6169,"href":"https:\/\/campano.salesianos.edu\/colegio\/wp-json\/wp\/v2\/pages\/6168\/revisions\/6169"}],"wp:attachment":[{"href":"https:\/\/campano.salesianos.edu\/colegio\/wp-json\/wp\/v2\/media?parent=6168"}],"curies":[{"name":"wp","href":"https:\/\/api.w.org\/{rel}","templated":true}]}}