{"id":5508,"date":"2017-12-03T15:55:39","date_gmt":"2017-12-03T14:55:39","guid":{"rendered":"http:\/\/campano.salesianos.edu\/colegio\/?page_id=5508"},"modified":"2017-12-03T15:55:39","modified_gmt":"2017-12-03T14:55:39","slug":"fct-informacion-general","status":"publish","type":"page","link":"https:\/\/campano.salesianos.edu\/colegio\/fct-informacion-general\/","title":{"rendered":"FCT- Informaci\u00f3n general"},"content":{"rendered":"<div id=\"fb-root\"><\/div>\n<p>[et_pb_section bb_built=\u00bb1&#8243;][et_pb_row][et_pb_column type=\u00bb4_4&#8243;][et_pb_text _builder_version=\u00bb3.0.89&#8243; background_layout=\u00bblight\u00bb]<\/p>\n<h2 style=\"font-weight: 400;\"><u><strong>PLAN DE FORMACI\u00d3N PARA LA F.C.T.<\/strong><\/u><\/h2>\n<p style=\"font-weight: 400;\">\n<p style=\"font-weight: 400;\">Los ciclos formativos exigen en su curr\u00edculo\u00a0<strong><em>realizar unas horas de formaci\u00f3n en las empresas<\/em><\/strong>, que acercan de forma\u00a0<strong><em>real y efectiva<\/em><\/strong>\u00a0al alumnado a una tecnolog\u00eda actual\u00a0<strong><em>en el d\u00eda a d\u00eda<\/em><\/strong>, el contexto del\u00a0<strong><em>mundo empresarial<\/em><\/strong>, horarios preestablecidos (<strong><em>jornadas laborales<\/em><\/strong>), relaciones laborales entre compa\u00f1eros y empresarios, en definitiva el mundo que le espera una vez finalizado sus estudios en el centro educativo, el cual como es l\u00f3gico, no puede aportar este tipo de ense\u00f1anza dado las caracter\u00edsticas del mismo.<\/p>\n<p style=\"font-weight: 400;\">Estas pr\u00e1cticas formativas se basan en el v\u00ednculo entre el\u00a0<strong><em>entorno formativo y el entorno productivo<\/em><\/strong>. Su realizaci\u00f3n permitir\u00e1 al alumno conocer equipos, t\u00e9cnicas productivas y el ambiente real de trabajo.<\/p>\n<p style=\"font-weight: 400;\">Pero formarse en el centro de trabajo, no es s\u00f3lo manipular y coger destrezas con el desarrollo de las distintas actividades, es, adem\u00e1s,\u00a0<strong><em>adquirir experiencias<\/em><\/strong>, bas\u00e1ndose en la reflexi\u00f3n de lo realizado.<\/p>\n<p style=\"font-weight: 400;\"><strong><em>El M\u00d3DULO DE FORMACI\u00d3N EN CENTROS DE TRABAJO<\/em><\/strong>\u00a0<strong><em>consiste en desarrollar un programa formativo, donde se establece un proceso de aprendizaje, basado en una formaci\u00f3n eminente pr\u00e1ctica, ubicada en un entorno productivo.<\/em><\/strong><\/p>\n<p style=\"font-weight: 400;\">La caracter\u00edstica m\u00e1s relevante del m\u00f3dulo, es desarrollar en un \u00e1mbito productivo real, donde se puede observar y desempe\u00f1ar funciones propias de los distintos puestos de trabajo relativo a la profesi\u00f3n y conocer la organizaci\u00f3n de los procesos productivos, los equipos, las nuevas t\u00e9cnicas de producci\u00f3n o de servicios y las relaciones socio-laborales de la empresa.<\/p>\n<p style=\"font-weight: 400;\">Dada la particularidad actual del Sistema Educativo, en el cual se est\u00e1n desarrollando de forma simult\u00e1nea planes de formaci\u00f3n procedentes de dos tipos de educaci\u00f3n (LOGSE, LOE y LOMCE), el presente Plan tiene algunos puntos distintos dependiendo del ciclo formativo al que se pertenezca<\/p>\n<p style=\"font-weight: 400;\">\n<h1><u>OBJETIVOS QUE PERSIGUE<\/u><\/h1>\n<p style=\"font-weight: 400;\">Estos objetivos deben contribuir de forma clara y pr\u00e1ctica a la obtenci\u00f3n de las capacidades que han de conseguir los alumnos de acuerdo con el perfil profesional del ciclo. Para ello el Plan de Formaci\u00f3n en Centros de Trabajo debe:<\/p>\n<p style=\"font-weight: 400;\"><strong>1)<\/strong><strong>\u00a0\u00a0\u00a0\u00a0\u00a0\u00a0\u00a0<\/strong><strong><em>Completar la adquisici\u00f3n de competencias profesionales<\/em><\/strong>\u00a0conseguidas en el centro educativo, mediante la realizaci\u00f3n de un conjunto de actividades formativas, con el fin de alcanzar mejores niveles de cualificaci\u00f3n t\u00e9cnica.<\/p>\n<p style=\"font-weight: 400;\"><strong>2)<\/strong><strong>\u00a0\u00a0\u00a0\u00a0\u00a0\u00a0\u00a0<\/strong><strong><em>Posibilitar la adquisici\u00f3n<\/em><\/strong>\u00a0de nuevas t\u00e9cnicas y capacidades que por su naturaleza y caracter\u00edsticas de medios (instalaciones, equipamiento, organizaci\u00f3n y estructuras productivas) son propias de centros de producci\u00f3n o servicios.<\/p>\n<p style=\"font-weight: 400;\"><strong>3)<\/strong><strong>\u00a0\u00a0\u00a0\u00a0\u00a0\u00a0\u00a0<\/strong><strong><em>Fomentar la autonom\u00eda<\/em><\/strong>, creatividad, profesionalidad y responsabilidad, capacitando al alumnado para resolver cuestiones y situaciones profesionales.<\/p>\n<p style=\"font-weight: 400;\"><strong>4)<\/strong><strong>\u00a0\u00a0\u00a0\u00a0\u00a0\u00a0\u00a0<\/strong><strong><em>Favorecer el conocimiento de la organizaci\u00f3n y las relaciones laborales<\/em><\/strong>\u00a0de los sectores productivos de la familia profesional sobre todo en Andaluc\u00eda.<\/p>\n<p style=\"font-weight: 400;\"><strong>5)<\/strong><strong>\u00a0\u00a0\u00a0\u00a0\u00a0\u00a0\u00a0<\/strong><strong><em>Evaluar los aspectos m\u00e1s relevantes<\/em><\/strong>\u00a0de las competencias profesionales adquiridas en el centro educativo.<\/p>\n<p style=\"font-weight: 400;\"><strong>6)<\/strong><strong>\u00a0\u00a0\u00a0\u00a0\u00a0\u00a0\u00a0<\/strong><strong><em>Generar los aprendizajes<\/em><\/strong>\u00a0que dif\u00edcilmente pueden ser abordados en el centro educativo, haciendo protagonista al alumnado en su propia formaci\u00f3n.<\/p>\n<p style=\"font-weight: 400;\"><strong>7)<\/strong><strong>\u00a0\u00a0\u00a0\u00a0\u00a0\u00a0\u00a0<\/strong><strong><em>Difundir dentro del mundo del trabajo<\/em><\/strong>\u00a0el valor de las nuevas ense\u00f1anzas de Formaci\u00f3n Profesional y concienciar al empresario de la efectividad de las mismas.<\/p>\n<p style=\"font-weight: 400;\"><strong>8)<\/strong><strong>\u00a0\u00a0\u00a0\u00a0\u00a0\u00a0\u00a0<\/strong><strong><em>Incrementar y potenciar las relaciones<\/em><\/strong>\u00a0entre el Centro Educativo y a las Empresas del entorno.<\/p>\n<p style=\"font-weight: 400;\">\n<p>[\/et_pb_text][\/et_pb_column][\/et_pb_row][\/et_pb_section]<\/p>\n<!-- AddThis Advanced Settings generic via filter on the_content --><!-- AddThis Share Buttons generic via filter on the_content -->","protected":false},"excerpt":{"rendered":"<p><!-- AddThis Advanced Settings generic via filter on the_excerpt --><!-- AddThis Share Buttons generic via filter on the_excerpt --><\/p>\n","protected":false},"author":3,"featured_media":0,"parent":0,"menu_order":0,"comment_status":"closed","ping_status":"closed","template":"","meta":{"_et_pb_use_builder":"on","_et_pb_old_content":"","_et_gb_content_width":"","footnotes":""},"class_list":["post-5508","page","type-page","status-publish","hentry"],"yoast_head":"<!-- This site is optimized with the Yoast SEO plugin v27.4 - https:\/\/yoast.com\/product\/yoast-seo-wordpress\/ -->\n<title>FCT- Informaci\u00f3n general - Colegio<\/title>\n<meta name=\"robots\" content=\"index, follow, max-snippet:-1, max-image-preview:large, max-video-preview:-1\" \/>\n<link rel=\"canonical\" href=\"https:\/\/campano.salesianos.edu\/colegio\/fct-informacion-general\/\" \/>\n<meta property=\"og:locale\" content=\"es_ES\" \/>\n<meta property=\"og:type\" content=\"article\" \/>\n<meta property=\"og:title\" content=\"FCT- Informaci\u00f3n general - Colegio\" \/>\n<meta property=\"og:url\" content=\"https:\/\/campano.salesianos.edu\/colegio\/fct-informacion-general\/\" \/>\n<meta property=\"og:site_name\" content=\"Colegio\" \/>\n<meta name=\"twitter:card\" content=\"summary_large_image\" \/>\n<meta name=\"twitter:label1\" content=\"Tiempo de lectura\" \/>\n\t<meta name=\"twitter:data1\" content=\"3 minutos\" \/>\n<script type=\"application\/ld+json\" class=\"yoast-schema-graph\">{\"@context\":\"https:\\\/\\\/schema.org\",\"@graph\":[{\"@type\":\"WebPage\",\"@id\":\"https:\\\/\\\/campano.salesianos.edu\\\/colegio\\\/fct-informacion-general\\\/\",\"url\":\"https:\\\/\\\/campano.salesianos.edu\\\/colegio\\\/fct-informacion-general\\\/\",\"name\":\"FCT- Informaci\u00f3n general - Colegio\",\"isPartOf\":{\"@id\":\"https:\\\/\\\/campano.salesianos.edu\\\/colegio\\\/#website\"},\"datePublished\":\"2017-12-03T14:55:39+00:00\",\"breadcrumb\":{\"@id\":\"https:\\\/\\\/campano.salesianos.edu\\\/colegio\\\/fct-informacion-general\\\/#breadcrumb\"},\"inLanguage\":\"es\",\"potentialAction\":[{\"@type\":\"ReadAction\",\"target\":[\"https:\\\/\\\/campano.salesianos.edu\\\/colegio\\\/fct-informacion-general\\\/\"]}]},{\"@type\":\"BreadcrumbList\",\"@id\":\"https:\\\/\\\/campano.salesianos.edu\\\/colegio\\\/fct-informacion-general\\\/#breadcrumb\",\"itemListElement\":[{\"@type\":\"ListItem\",\"position\":1,\"name\":\"Portada\",\"item\":\"https:\\\/\\\/campano.salesianos.edu\\\/colegio\\\/\"},{\"@type\":\"ListItem\",\"position\":2,\"name\":\"FCT- Informaci\u00f3n general\"}]},{\"@type\":\"WebSite\",\"@id\":\"https:\\\/\\\/campano.salesianos.edu\\\/colegio\\\/#website\",\"url\":\"https:\\\/\\\/campano.salesianos.edu\\\/colegio\\\/\",\"name\":\"Colegio\",\"description\":\"P\u00e1gina oficial Salesianos Campano\",\"potentialAction\":[{\"@type\":\"SearchAction\",\"target\":{\"@type\":\"EntryPoint\",\"urlTemplate\":\"https:\\\/\\\/campano.salesianos.edu\\\/colegio\\\/?s={search_term_string}\"},\"query-input\":{\"@type\":\"PropertyValueSpecification\",\"valueRequired\":true,\"valueName\":\"search_term_string\"}}],\"inLanguage\":\"es\"}]}<\/script>\n<!-- \/ Yoast SEO plugin. -->","yoast_head_json":{"title":"FCT- Informaci\u00f3n general - Colegio","robots":{"index":"index","follow":"follow","max-snippet":"max-snippet:-1","max-image-preview":"max-image-preview:large","max-video-preview":"max-video-preview:-1"},"canonical":"https:\/\/campano.salesianos.edu\/colegio\/fct-informacion-general\/","og_locale":"es_ES","og_type":"article","og_title":"FCT- Informaci\u00f3n general - Colegio","og_url":"https:\/\/campano.salesianos.edu\/colegio\/fct-informacion-general\/","og_site_name":"Colegio","twitter_card":"summary_large_image","twitter_misc":{"Tiempo de lectura":"3 minutos"},"schema":{"@context":"https:\/\/schema.org","@graph":[{"@type":"WebPage","@id":"https:\/\/campano.salesianos.edu\/colegio\/fct-informacion-general\/","url":"https:\/\/campano.salesianos.edu\/colegio\/fct-informacion-general\/","name":"FCT- Informaci\u00f3n general - Colegio","isPartOf":{"@id":"https:\/\/campano.salesianos.edu\/colegio\/#website"},"datePublished":"2017-12-03T14:55:39+00:00","breadcrumb":{"@id":"https:\/\/campano.salesianos.edu\/colegio\/fct-informacion-general\/#breadcrumb"},"inLanguage":"es","potentialAction":[{"@type":"ReadAction","target":["https:\/\/campano.salesianos.edu\/colegio\/fct-informacion-general\/"]}]},{"@type":"BreadcrumbList","@id":"https:\/\/campano.salesianos.edu\/colegio\/fct-informacion-general\/#breadcrumb","itemListElement":[{"@type":"ListItem","position":1,"name":"Portada","item":"https:\/\/campano.salesianos.edu\/colegio\/"},{"@type":"ListItem","position":2,"name":"FCT- Informaci\u00f3n general"}]},{"@type":"WebSite","@id":"https:\/\/campano.salesianos.edu\/colegio\/#website","url":"https:\/\/campano.salesianos.edu\/colegio\/","name":"Colegio","description":"P\u00e1gina oficial Salesianos Campano","potentialAction":[{"@type":"SearchAction","target":{"@type":"EntryPoint","urlTemplate":"https:\/\/campano.salesianos.edu\/colegio\/?s={search_term_string}"},"query-input":{"@type":"PropertyValueSpecification","valueRequired":true,"valueName":"search_term_string"}}],"inLanguage":"es"}]}},"_links":{"self":[{"href":"https:\/\/campano.salesianos.edu\/colegio\/wp-json\/wp\/v2\/pages\/5508","targetHints":{"allow":["GET"]}}],"collection":[{"href":"https:\/\/campano.salesianos.edu\/colegio\/wp-json\/wp\/v2\/pages"}],"about":[{"href":"https:\/\/campano.salesianos.edu\/colegio\/wp-json\/wp\/v2\/types\/page"}],"author":[{"embeddable":true,"href":"https:\/\/campano.salesianos.edu\/colegio\/wp-json\/wp\/v2\/users\/3"}],"replies":[{"embeddable":true,"href":"https:\/\/campano.salesianos.edu\/colegio\/wp-json\/wp\/v2\/comments?post=5508"}],"version-history":[{"count":3,"href":"https:\/\/campano.salesianos.edu\/colegio\/wp-json\/wp\/v2\/pages\/5508\/revisions"}],"predecessor-version":[{"id":5511,"href":"https:\/\/campano.salesianos.edu\/colegio\/wp-json\/wp\/v2\/pages\/5508\/revisions\/5511"}],"wp:attachment":[{"href":"https:\/\/campano.salesianos.edu\/colegio\/wp-json\/wp\/v2\/media?parent=5508"}],"curies":[{"name":"wp","href":"https:\/\/api.w.org\/{rel}","templated":true}]}}