{"id":5492,"date":"2017-12-02T23:46:20","date_gmt":"2017-12-02T22:46:20","guid":{"rendered":"http:\/\/campano.salesianos.edu\/colegio\/?page_id=5492"},"modified":"2017-12-02T23:46:20","modified_gmt":"2017-12-02T22:46:20","slug":"orientacion-fpb","status":"publish","type":"page","link":"https:\/\/campano.salesianos.edu\/colegio\/orientacion-fpb\/","title":{"rendered":"Orientaci\u00f3n-FPB"},"content":{"rendered":"<div id=\"fb-root\"><\/div>\n<p>[et_pb_section bb_built=\u00bb1&#8243;][et_pb_row][et_pb_column type=\u00bb1_2&#8243;][et_pb_text _builder_version=\u00bb3.0.89&#8243; background_layout=\u00bblight\u00bb]<\/p>\n<div dir=\"ltr\">\n<div class=\"m_6221231246233427994gmail-date-posts\">\n<div class=\"m_6221231246233427994gmail-post-outer\">\n<div class=\"m_6221231246233427994gmail-post m_6221231246233427994gmail-hentry m_6221231246233427994gmail-uncustomized-post-template\">\n<h3 class=\"m_6221231246233427994gmail-post-title m_6221231246233427994entry-title\"><a href=\"http:\/\/orientafuenmayor.blogspot.com.es\/2017\/05\/formacion-profesional-basica-curso-2017.html\" target=\"_blank\" rel=\"noopener\" data-saferedirecturl=\"https:\/\/www.google.com\/url?hl=es&amp;q=http:\/\/orientafuenmayor.blogspot.com.es\/2017\/05\/formacion-profesional-basica-curso-2017.html&amp;source=gmail&amp;ust=1512328803282000&amp;usg=AFQjCNFmWLFyFRIjRy8IonHumc0mkjgfGA\">FORMACI\u00d3N PROFESIONAL B\u00c1SICA CURSO 2017-18<\/a><\/h3>\n<div class=\"m_6221231246233427994gmail-post-header\">\n<div class=\"m_6221231246233427994gmail-post-header-line-1\"><a href=\"http:\/\/orientafuenmayor.blogspot.com.es\/2017\/05\/formacion-profesional-basica-curso-2017.html\">\u00a0<\/a><\/div>\n<\/div>\n<div id=\"m_6221231246233427994gmail-post-body-8718215029378289061\" class=\"m_6221231246233427994gmail-post-body m_6221231246233427994entry-content\"><a href=\"http:\/\/3.bp.blogspot.com\/-yh-g5HAWdeI\/VS-uC_Z2b-I\/AAAAAAAABgc\/jCzhSVLS1XQ\/s1600\/FPB%2B1.jpg\" target=\"_blank\" rel=\"noopener\" data-saferedirecturl=\"https:\/\/www.google.com\/url?hl=es&amp;q=http:\/\/3.bp.blogspot.com\/-yh-g5HAWdeI\/VS-uC_Z2b-I\/AAAAAAAABgc\/jCzhSVLS1XQ\/s1600\/FPB%252B1.jpg&amp;source=gmail&amp;ust=1512328803282000&amp;usg=AFQjCNGEVGB3iCqTMY5rbuiaH_kob3QLjg\"><img loading=\"lazy\" decoding=\"async\" class=\"CToWUd\" src=\"https:\/\/3.bp.blogspot.com\/-yh-g5HAWdeI\/VS-uC_Z2b-I\/AAAAAAAABgc\/jCzhSVLS1XQ\/s320\/FPB%2B1.jpg\" width=\"320\" height=\"225\" border=\"0\" \/><\/a><\/p>\n<div>\nLos Ciclos de Formaci\u00f3n Profesional B\u00e1sica est\u00e1n dirigidos a aquellos alumnos que presenten dificultades para alcanzar los objetivos y la correspondiente titulaci\u00f3n de la Educaci\u00f3n Secundaria Obligatoria, a la vez que deseen iniciarse en el aprendizaje de un oficio.<\/div>\n<div>\u00a0\u00a0 Se deben cumplir estas\u00a0<b>condiciones para acceder:<\/b><\/div>\n<div>\n<ul>\n<li>Tener cumplidos 15 a\u00f1os, o cumplirlos durante el a\u00f1o natural en curso, y no superar los 17 a\u00f1os de edad en el momento del acceso ni durante el a\u00f1o natural en curso.<\/li>\n<li>Haber cursado el primer ciclo de Educaci\u00f3n Secundaria Obligatoria o, excepcionalmente, haber cursado el 2\u00ba E. S. O.<\/li>\n<li>Haber sido propuesto por el equipo docente para la incorporaci\u00f3n a un ciclo de Formaci\u00f3n Profesional B\u00e1sica, a trav\u00e9s del\u00a0<b>Consejo Orientador<\/b><b>.<\/b><\/li>\n<\/ul>\n<\/div>\n<h5>\u00a0<a href=\"http:\/\/ias1.larioja.org\/boletin\/Bor_Boletin_visor_Servlet?referencia=5119150-1-PDF-509171\" target=\"_blank\" rel=\"noopener\" data-saferedirecturl=\"https:\/\/www.google.com\/url?hl=es&amp;q=http:\/\/ias1.larioja.org\/boletin\/Bor_Boletin_visor_Servlet?referencia%3D5119150-1-PDF-509171&amp;source=gmail&amp;ust=1512328803282000&amp;usg=AFQjCNFIeFJZSRBeQpXEvzE2VDOADQLBLA\">\u00a0Resoluci\u00f3n del 8 de mayo de 2017<\/a>,\u00a0de la Consejer\u00eda de Educaci\u00f3n, Cultura y Turismo, por la que se establece las instrucciones para la\u00a0<b>preinscripci\u00f3n y admisi\u00f3n<\/b>\u00a0a los ciclos formativos de Formaci\u00f3n Profesional B\u00e1sica para el curso 2017-18<\/h5>\n<\/div>\n<\/div>\n<\/div>\n<\/div>\n<\/div>\n<div class=\"yj6qo ajU\"><\/div>\n<p>[\/et_pb_text][\/et_pb_column][et_pb_column type=\u00bb1_2&#8243;][\/et_pb_column][\/et_pb_row][\/et_pb_section]<\/p>\n<!-- AddThis Advanced Settings generic via filter on the_content --><!-- AddThis Share Buttons generic via filter on the_content -->","protected":false},"excerpt":{"rendered":"<p><!-- AddThis Advanced Settings generic via filter on the_excerpt --><!-- AddThis Share Buttons generic via filter on the_excerpt --><\/p>\n","protected":false},"author":3,"featured_media":0,"parent":0,"menu_order":0,"comment_status":"closed","ping_status":"closed","template":"","meta":{"_et_pb_use_builder":"on","_et_pb_old_content":"","_et_gb_content_width":"","footnotes":""},"class_list":["post-5492","page","type-page","status-publish","hentry"],"yoast_head":"<!-- This site is optimized with the Yoast SEO plugin v27.4 - https:\/\/yoast.com\/product\/yoast-seo-wordpress\/ -->\n<title>Orientaci\u00f3n-FPB - Colegio<\/title>\n<meta name=\"robots\" content=\"index, follow, max-snippet:-1, max-image-preview:large, max-video-preview:-1\" \/>\n<link rel=\"canonical\" href=\"https:\/\/campano.salesianos.edu\/colegio\/orientacion-fpb\/\" \/>\n<meta property=\"og:locale\" content=\"es_ES\" \/>\n<meta property=\"og:type\" content=\"article\" \/>\n<meta property=\"og:title\" content=\"Orientaci\u00f3n-FPB - Colegio\" \/>\n<meta property=\"og:url\" content=\"https:\/\/campano.salesianos.edu\/colegio\/orientacion-fpb\/\" \/>\n<meta property=\"og:site_name\" content=\"Colegio\" \/>\n<meta property=\"og:image\" content=\"https:\/\/3.bp.blogspot.com\/-yh-g5HAWdeI\/VS-uC_Z2b-I\/AAAAAAAABgc\/jCzhSVLS1XQ\/s320\/FPB%2B1.jpg\" \/>\n<meta name=\"twitter:card\" content=\"summary_large_image\" \/>\n<meta name=\"twitter:label1\" content=\"Tiempo de lectura\" \/>\n\t<meta name=\"twitter:data1\" content=\"1 minuto\" \/>\n<script type=\"application\/ld+json\" class=\"yoast-schema-graph\">{\"@context\":\"https:\\\/\\\/schema.org\",\"@graph\":[{\"@type\":\"WebPage\",\"@id\":\"https:\\\/\\\/campano.salesianos.edu\\\/colegio\\\/orientacion-fpb\\\/\",\"url\":\"https:\\\/\\\/campano.salesianos.edu\\\/colegio\\\/orientacion-fpb\\\/\",\"name\":\"Orientaci\u00f3n-FPB - Colegio\",\"isPartOf\":{\"@id\":\"https:\\\/\\\/campano.salesianos.edu\\\/colegio\\\/#website\"},\"primaryImageOfPage\":{\"@id\":\"https:\\\/\\\/campano.salesianos.edu\\\/colegio\\\/orientacion-fpb\\\/#primaryimage\"},\"image\":{\"@id\":\"https:\\\/\\\/campano.salesianos.edu\\\/colegio\\\/orientacion-fpb\\\/#primaryimage\"},\"thumbnailUrl\":\"https:\\\/\\\/3.bp.blogspot.com\\\/-yh-g5HAWdeI\\\/VS-uC_Z2b-I\\\/AAAAAAAABgc\\\/jCzhSVLS1XQ\\\/s320\\\/FPB%2B1.jpg\",\"datePublished\":\"2017-12-02T22:46:20+00:00\",\"breadcrumb\":{\"@id\":\"https:\\\/\\\/campano.salesianos.edu\\\/colegio\\\/orientacion-fpb\\\/#breadcrumb\"},\"inLanguage\":\"es\",\"potentialAction\":[{\"@type\":\"ReadAction\",\"target\":[\"https:\\\/\\\/campano.salesianos.edu\\\/colegio\\\/orientacion-fpb\\\/\"]}]},{\"@type\":\"ImageObject\",\"inLanguage\":\"es\",\"@id\":\"https:\\\/\\\/campano.salesianos.edu\\\/colegio\\\/orientacion-fpb\\\/#primaryimage\",\"url\":\"https:\\\/\\\/3.bp.blogspot.com\\\/-yh-g5HAWdeI\\\/VS-uC_Z2b-I\\\/AAAAAAAABgc\\\/jCzhSVLS1XQ\\\/s320\\\/FPB%2B1.jpg\",\"contentUrl\":\"https:\\\/\\\/3.bp.blogspot.com\\\/-yh-g5HAWdeI\\\/VS-uC_Z2b-I\\\/AAAAAAAABgc\\\/jCzhSVLS1XQ\\\/s320\\\/FPB%2B1.jpg\"},{\"@type\":\"BreadcrumbList\",\"@id\":\"https:\\\/\\\/campano.salesianos.edu\\\/colegio\\\/orientacion-fpb\\\/#breadcrumb\",\"itemListElement\":[{\"@type\":\"ListItem\",\"position\":1,\"name\":\"Portada\",\"item\":\"https:\\\/\\\/campano.salesianos.edu\\\/colegio\\\/\"},{\"@type\":\"ListItem\",\"position\":2,\"name\":\"Orientaci\u00f3n-FPB\"}]},{\"@type\":\"WebSite\",\"@id\":\"https:\\\/\\\/campano.salesianos.edu\\\/colegio\\\/#website\",\"url\":\"https:\\\/\\\/campano.salesianos.edu\\\/colegio\\\/\",\"name\":\"Colegio\",\"description\":\"P\u00e1gina oficial Salesianos Campano\",\"potentialAction\":[{\"@type\":\"SearchAction\",\"target\":{\"@type\":\"EntryPoint\",\"urlTemplate\":\"https:\\\/\\\/campano.salesianos.edu\\\/colegio\\\/?s={search_term_string}\"},\"query-input\":{\"@type\":\"PropertyValueSpecification\",\"valueRequired\":true,\"valueName\":\"search_term_string\"}}],\"inLanguage\":\"es\"}]}<\/script>\n<!-- \/ Yoast SEO plugin. -->","yoast_head_json":{"title":"Orientaci\u00f3n-FPB - Colegio","robots":{"index":"index","follow":"follow","max-snippet":"max-snippet:-1","max-image-preview":"max-image-preview:large","max-video-preview":"max-video-preview:-1"},"canonical":"https:\/\/campano.salesianos.edu\/colegio\/orientacion-fpb\/","og_locale":"es_ES","og_type":"article","og_title":"Orientaci\u00f3n-FPB - Colegio","og_url":"https:\/\/campano.salesianos.edu\/colegio\/orientacion-fpb\/","og_site_name":"Colegio","og_image":[{"url":"https:\/\/3.bp.blogspot.com\/-yh-g5HAWdeI\/VS-uC_Z2b-I\/AAAAAAAABgc\/jCzhSVLS1XQ\/s320\/FPB%2B1.jpg","type":"","width":"","height":""}],"twitter_card":"summary_large_image","twitter_misc":{"Tiempo de lectura":"1 minuto"},"schema":{"@context":"https:\/\/schema.org","@graph":[{"@type":"WebPage","@id":"https:\/\/campano.salesianos.edu\/colegio\/orientacion-fpb\/","url":"https:\/\/campano.salesianos.edu\/colegio\/orientacion-fpb\/","name":"Orientaci\u00f3n-FPB - Colegio","isPartOf":{"@id":"https:\/\/campano.salesianos.edu\/colegio\/#website"},"primaryImageOfPage":{"@id":"https:\/\/campano.salesianos.edu\/colegio\/orientacion-fpb\/#primaryimage"},"image":{"@id":"https:\/\/campano.salesianos.edu\/colegio\/orientacion-fpb\/#primaryimage"},"thumbnailUrl":"https:\/\/3.bp.blogspot.com\/-yh-g5HAWdeI\/VS-uC_Z2b-I\/AAAAAAAABgc\/jCzhSVLS1XQ\/s320\/FPB%2B1.jpg","datePublished":"2017-12-02T22:46:20+00:00","breadcrumb":{"@id":"https:\/\/campano.salesianos.edu\/colegio\/orientacion-fpb\/#breadcrumb"},"inLanguage":"es","potentialAction":[{"@type":"ReadAction","target":["https:\/\/campano.salesianos.edu\/colegio\/orientacion-fpb\/"]}]},{"@type":"ImageObject","inLanguage":"es","@id":"https:\/\/campano.salesianos.edu\/colegio\/orientacion-fpb\/#primaryimage","url":"https:\/\/3.bp.blogspot.com\/-yh-g5HAWdeI\/VS-uC_Z2b-I\/AAAAAAAABgc\/jCzhSVLS1XQ\/s320\/FPB%2B1.jpg","contentUrl":"https:\/\/3.bp.blogspot.com\/-yh-g5HAWdeI\/VS-uC_Z2b-I\/AAAAAAAABgc\/jCzhSVLS1XQ\/s320\/FPB%2B1.jpg"},{"@type":"BreadcrumbList","@id":"https:\/\/campano.salesianos.edu\/colegio\/orientacion-fpb\/#breadcrumb","itemListElement":[{"@type":"ListItem","position":1,"name":"Portada","item":"https:\/\/campano.salesianos.edu\/colegio\/"},{"@type":"ListItem","position":2,"name":"Orientaci\u00f3n-FPB"}]},{"@type":"WebSite","@id":"https:\/\/campano.salesianos.edu\/colegio\/#website","url":"https:\/\/campano.salesianos.edu\/colegio\/","name":"Colegio","description":"P\u00e1gina oficial Salesianos Campano","potentialAction":[{"@type":"SearchAction","target":{"@type":"EntryPoint","urlTemplate":"https:\/\/campano.salesianos.edu\/colegio\/?s={search_term_string}"},"query-input":{"@type":"PropertyValueSpecification","valueRequired":true,"valueName":"search_term_string"}}],"inLanguage":"es"}]}},"_links":{"self":[{"href":"https:\/\/campano.salesianos.edu\/colegio\/wp-json\/wp\/v2\/pages\/5492","targetHints":{"allow":["GET"]}}],"collection":[{"href":"https:\/\/campano.salesianos.edu\/colegio\/wp-json\/wp\/v2\/pages"}],"about":[{"href":"https:\/\/campano.salesianos.edu\/colegio\/wp-json\/wp\/v2\/types\/page"}],"author":[{"embeddable":true,"href":"https:\/\/campano.salesianos.edu\/colegio\/wp-json\/wp\/v2\/users\/3"}],"replies":[{"embeddable":true,"href":"https:\/\/campano.salesianos.edu\/colegio\/wp-json\/wp\/v2\/comments?post=5492"}],"version-history":[{"count":1,"href":"https:\/\/campano.salesianos.edu\/colegio\/wp-json\/wp\/v2\/pages\/5492\/revisions"}],"predecessor-version":[{"id":5493,"href":"https:\/\/campano.salesianos.edu\/colegio\/wp-json\/wp\/v2\/pages\/5492\/revisions\/5493"}],"wp:attachment":[{"href":"https:\/\/campano.salesianos.edu\/colegio\/wp-json\/wp\/v2\/media?parent=5492"}],"curies":[{"name":"wp","href":"https:\/\/api.w.org\/{rel}","templated":true}]}}