{"id":5480,"date":"2017-12-02T23:37:48","date_gmt":"2017-12-02T22:37:48","guid":{"rendered":"http:\/\/campano.salesianos.edu\/colegio\/?page_id=5480"},"modified":"2017-12-02T23:37:48","modified_gmt":"2017-12-02T22:37:48","slug":"orientacion-tecnicas-de-estudio","status":"publish","type":"page","link":"https:\/\/campano.salesianos.edu\/colegio\/orientacion-tecnicas-de-estudio\/","title":{"rendered":"Orientaci\u00f3n-t\u00e9cnicas de estudio"},"content":{"rendered":"<div id=\"fb-root\"><\/div>\n<p>[et_pb_section bb_built=\u00bb1&#8243;][et_pb_row][et_pb_column type=\u00bb1_2&#8243;][et_pb_text _builder_version=\u00bb3.0.89&#8243; background_layout=\u00bblight\u00bb]<\/p>\n<div dir=\"ltr\">\n<h3 class=\"m_-1901766946739758888gmail-post-title m_-1901766946739758888entry-title\"><a href=\"http:\/\/orientafuenmayor.blogspot.com.es\/2017\/10\/organiza-tu-estudio-ya.html\" target=\"_blank\" rel=\"noopener\" data-saferedirecturl=\"https:\/\/www.google.com\/url?hl=es&amp;q=http:\/\/orientafuenmayor.blogspot.com.es\/2017\/10\/organiza-tu-estudio-ya.html&amp;source=gmail&amp;ust=1512340013237000&amp;usg=AFQjCNHDgztkpEn7zVY4m7ec_ejBOCcymw\">ORGANIZA TU ESTUDIO, YA<\/a><\/h3>\n<div class=\"m_-1901766946739758888gmail-post-header\">\n<div class=\"m_-1901766946739758888gmail-post-header-line-1\"><\/div>\n<\/div>\n<div id=\"m_-1901766946739758888gmail-post-body-3602078463165996404\" class=\"m_-1901766946739758888gmail-post-body m_-1901766946739758888entry-content\">\n<div>\n<div class=\"m_-1901766946739758888gmail-separator\"><a href=\"https:\/\/1.bp.blogspot.com\/-VfYxsLLSTgU\/WetdIvOJxfI\/AAAAAAAADCE\/sUyN4y5PWVcJwmJqWdJdsFDM2VXHUrYJQCLcBGAs\/s1600\/organizar%2Bestudio.jpg\" target=\"_blank\" rel=\"noopener\" data-saferedirecturl=\"https:\/\/www.google.com\/url?hl=es&amp;q=https:\/\/1.bp.blogspot.com\/-VfYxsLLSTgU\/WetdIvOJxfI\/AAAAAAAADCE\/sUyN4y5PWVcJwmJqWdJdsFDM2VXHUrYJQCLcBGAs\/s1600\/organizar%252Bestudio.jpg&amp;source=gmail&amp;ust=1512340013237000&amp;usg=AFQjCNGzBhNqCCm5TuWsNqaUdPee4iHyIA\"><img decoding=\"async\" class=\"CToWUd\" src=\"https:\/\/1.bp.blogspot.com\/-VfYxsLLSTgU\/WetdIvOJxfI\/AAAAAAAADCE\/sUyN4y5PWVcJwmJqWdJdsFDM2VXHUrYJQCLcBGAs\/s1600\/organizar%2Bestudio.jpg\" border=\"0\" \/><\/a><\/div>\n<div>\u00a0\u00a0<b><\/b><b>Primero<\/b>\u00a0reflexionad entre todos sobre los motivos que ten\u00e9is para estudiar. En este enlace encontrar\u00e9is\u00a0<a href=\"https:\/\/sites.google.com\/site\/rincondelcanario\/tecnicas-de-estudio-101-razones-para-estudiar\" target=\"_blank\" rel=\"noopener\" data-saferedirecturl=\"https:\/\/www.google.com\/url?hl=es&amp;q=https:\/\/sites.google.com\/site\/rincondelcanario\/tecnicas-de-estudio-101-razones-para-estudiar&amp;source=gmail&amp;ust=1512340013237000&amp;usg=AFQjCNEuBqY5iYAyLCpG3PKT4HtRraRueg\">101 motivos para estudiar<\/a>, si no los tienes,\u00a0<i><b>encuentra los tuyos<\/b><\/i>.<\/p>\n<div><\/div>\n<div>\n<ul>\n<li>\u00a0 En\u00a0<b>segundo<\/b>\u00a0lugar cumplimentad el\u00a0<a href=\"https:\/\/sites.google.com\/site\/orientafuenmayor\/orienta\/CUESTIONARIO%20COMO%20ESTUDIO%20REVISADO.doc?attredirects=0&amp;d=1\" target=\"_blank\" rel=\"noopener\" data-saferedirecturl=\"https:\/\/www.google.com\/url?hl=es&amp;q=https:\/\/sites.google.com\/site\/orientafuenmayor\/orienta\/CUESTIONARIO%2520COMO%2520ESTUDIO%2520REVISADO.doc?attredirects%3D0%26d%3D1&amp;source=gmail&amp;ust=1512340013237000&amp;usg=AFQjCNGVhmgdc3j75tmsFRAmmS9H1CTnGw\">Cuestionario<\/a>para saber como estudi\u00e1is. Otros cuestionarios:<a href=\"http:\/\/www.aplicaciones.info\/utiles\/tecnicas.htm\" target=\"_blank\" rel=\"noopener\" data-saferedirecturl=\"https:\/\/www.google.com\/url?hl=es&amp;q=http:\/\/www.aplicaciones.info\/utiles\/tecnicas.htm&amp;source=gmail&amp;ust=1512340013237000&amp;usg=AFQjCNFKEdWv2nB0pQk5Vx_9PJLpKImzJw\">Eval\u00faa tu estudio<\/a>,\u00a0<a href=\"http:\/\/www.kekiero.es\/index.php\/test-tecnicas-de-estudio\" target=\"_blank\" rel=\"noopener\" data-saferedirecturl=\"https:\/\/www.google.com\/url?hl=es&amp;q=http:\/\/www.kekiero.es\/index.php\/test-tecnicas-de-estudio&amp;source=gmail&amp;ust=1512340013237000&amp;usg=AFQjCNFNzlueKspimbE_-1OnwwTupE7KFw\">test del portal Kekiero,<b><\/b><\/a><a href=\"https:\/\/drive.google.com\/file\/d\/0B4BCdG3BcY-XWUN0bkNQQXFac2c\/view?usp=sharing\" target=\"_blank\" rel=\"noopener\" data-saferedirecturl=\"https:\/\/www.google.com\/url?hl=es&amp;q=https:\/\/drive.google.com\/file\/d\/0B4BCdG3BcY-XWUN0bkNQQXFac2c\/view?usp%3Dsharing&amp;source=gmail&amp;ust=1512340013237000&amp;usg=AFQjCNGZHrIpA2F1nR0nhkOPDEl3-FJG5w\">Cuestionario sobre participaci\u00f3n y organizaci\u00f3n del estudio<\/a><\/li>\n<\/ul>\n<\/div>\n<div><\/div>\n<\/div>\n<div><\/div>\n<div><\/div>\n<div><\/div>\n<\/div>\n<div><\/div>\n<ul>\n<li>\u00a0\u00a0\u00a0 En\u00a0<b>tercer<\/b>\u00a0lugar, y lo m\u00e1s importante es que\u00a0\u00a0<a href=\"https:\/\/sites.google.com\/site\/orientafuenmayor\/orienta\/PLANIFICA%20TU%20HORARIO.pdf?attredirects=0&amp;d=1\" target=\"_blank\" rel=\"noopener\" data-saferedirecturl=\"https:\/\/www.google.com\/url?hl=es&amp;q=https:\/\/sites.google.com\/site\/orientafuenmayor\/orienta\/PLANIFICA%2520TU%2520HORARIO.pdf?attredirects%3D0%26d%3D1&amp;source=gmail&amp;ust=1512340013237000&amp;usg=AFQjCNFQ-HawKccuuKcZbHWVP3W_OV47eg\">planifiques el estudio en casa<\/a>, sigue las orientaciones.<b><a href=\"https:\/\/drive.google.com\/file\/d\/0B4BCdG3BcY-XYTI3UEZsRDRnMFU\/view?usp=sharing\" target=\"_blank\" rel=\"noopener\" data-saferedirecturl=\"https:\/\/www.google.com\/url?hl=es&amp;q=https:\/\/drive.google.com\/file\/d\/0B4BCdG3BcY-XYTI3UEZsRDRnMFU\/view?usp%3Dsharing&amp;source=gmail&amp;ust=1512340013237000&amp;usg=AFQjCNEvh7GwbFMXkn98688cCfa7IAhGRQ\">\u00a0<\/a><\/b><a href=\"https:\/\/drive.google.com\/file\/d\/0B4BCdG3BcY-XYTI3UEZsRDRnMFU\/view?usp=sharing\" target=\"_blank\" rel=\"noopener\" data-saferedirecturl=\"https:\/\/www.google.com\/url?hl=es&amp;q=https:\/\/drive.google.com\/file\/d\/0B4BCdG3BcY-XYTI3UEZsRDRnMFU\/view?usp%3Dsharing&amp;source=gmail&amp;ust=1512340013237000&amp;usg=AFQjCNEvh7GwbFMXkn98688cCfa7IAhGRQ\">La planificaci\u00f3n y organizaci\u00f3n del estudio<\/a>\u00a0(<a href=\"http:\/\/entrepasillosyaulas.blogspot.com.es\/2017\/01\/habitos-de-planificacion-y-organizacion.html\" target=\"_blank\" rel=\"noopener\" data-saferedirecturl=\"https:\/\/www.google.com\/url?hl=es&amp;q=http:\/\/entrepasillosyaulas.blogspot.com.es\/2017\/01\/habitos-de-planificacion-y-organizacion.html&amp;source=gmail&amp;ust=1512340013238000&amp;usg=AFQjCNF8YAk70UVsAIpYsl8N1Ms45evYqw\">blog Entre pasillos y aulas<\/a>)<br \/>\n<table class=\"m_-1901766946739758888gmail-tr-caption-container\" cellspacing=\"0\" cellpadding=\"0\">\n<tbody>\n<tr>\n<td><a href=\"https:\/\/2.bp.blogspot.com\/-AhZrwZfcx4E\/WeteFN0nmAI\/AAAAAAAADCM\/ynvW_LBiGNk0vqTq608ExukWT_K-OO_qACLcBGAs\/s1600\/planificate.jpg\" target=\"_blank\" rel=\"noopener\" data-saferedirecturl=\"https:\/\/www.google.com\/url?hl=es&amp;q=https:\/\/2.bp.blogspot.com\/-AhZrwZfcx4E\/WeteFN0nmAI\/AAAAAAAADCM\/ynvW_LBiGNk0vqTq608ExukWT_K-OO_qACLcBGAs\/s1600\/planificate.jpg&amp;source=gmail&amp;ust=1512340013238000&amp;usg=AFQjCNHLQg_NL4a8RRU-B-z2TTr4mRvgpg\"><img loading=\"lazy\" decoding=\"async\" class=\"CToWUd\" src=\"https:\/\/2.bp.blogspot.com\/-AhZrwZfcx4E\/WeteFN0nmAI\/AAAAAAAADCM\/ynvW_LBiGNk0vqTq608ExukWT_K-OO_qACLcBGAs\/s320\/planificate.jpg\" width=\"228\" height=\"320\" border=\"0\" \/><\/a><\/td>\n<\/tr>\n<tr>\n<td class=\"m_-1901766946739758888gmail-tr-caption\"><a href=\"https:\/\/twitter.com\/ramon_besonias\" target=\"_blank\" rel=\"noopener\" data-saferedirecturl=\"https:\/\/www.google.com\/url?hl=es&amp;q=https:\/\/twitter.com\/ramon_besonias&amp;source=gmail&amp;ust=1512340013238000&amp;usg=AFQjCNGoIi9AzyiRNJCJcLCDIP_NrqbcEQ\">https:\/\/twitter.com\/ramon_<wbr \/>besonias<\/a><\/td>\n<td class=\"m_-1901766946739758888gmail-tr-caption\"><\/td>\n<\/tr>\n<\/tbody>\n<\/table>\n<\/li>\n<\/ul>\n<p><b>\u00a0<\/b>Web para trabajar las\u00a0<b>T\u00e9cnicas de estudio<\/b>:<\/p>\n<ul>\n<li><a href=\"http:\/\/ntic.educacion.es\/w3\/eos\/MaterialesEducativos\/mem2006\/aprender_estudiar\/index2.html\" target=\"_blank\" rel=\"noopener\" data-saferedirecturl=\"https:\/\/www.google.com\/url?hl=es&amp;q=http:\/\/ntic.educacion.es\/w3\/eos\/MaterialesEducativos\/mem2006\/aprender_estudiar\/index2.html&amp;source=gmail&amp;ust=1512340013238000&amp;usg=AFQjCNENkRtWz-_lufko84ydvHCdWtiuGA\">Aprender a estudiar:<\/a>\u00a0muy completa, contiene 21 papiros (apartados). En estos papiros se ofrecen m\u00e1s de 1000 consejos y hay m\u00e1s de 100 actividades pr\u00e1cticas. En cada apartado hay un sencillo TEST de autoevaluaci\u00f3n.<\/li>\n<li>Esta\u00a0<a href=\"http:\/\/www.educa.jcyl.es\/educacyl\/cm\/gallery\/Recursos%20Infinity\/aplicaciones\/aprender\/default.htm\" target=\"_blank\" rel=\"noopener\" data-saferedirecturl=\"https:\/\/www.google.com\/url?hl=es&amp;q=http:\/\/www.educa.jcyl.es\/educacyl\/cm\/gallery\/Recursos%2520Infinity\/aplicaciones\/aprender\/default.htm&amp;source=gmail&amp;ust=1512340013238000&amp;usg=AFQjCNE-kZjUV2_PEusRuvgpqNOK5Kl9yw\">web de la Junta de Castilla y Le\u00f3n<\/a>, es atractiva, y consta de consejos para prepararse para el estudio, documentarse, estudiar y examinarse.<\/li>\n<li>\u00a0<a href=\"http:\/\/www.kekiero.es\/como-estudias-test\" target=\"_blank\" rel=\"noopener\" data-saferedirecturl=\"https:\/\/www.google.com\/url?hl=es&amp;q=http:\/\/www.kekiero.es\/como-estudias-test&amp;source=gmail&amp;ust=1512340013238000&amp;usg=AFQjCNH7n2JVtK9Ar9dC_4grypy9qSwIhQ\">Portal Kekiero<\/a>:\u00a0<a href=\"http:\/\/www.kekiero.es\/index.php\/test-tecnicas-de-estudio\" target=\"_blank\" rel=\"noopener\" data-saferedirecturl=\"https:\/\/www.google.com\/url?hl=es&amp;q=http:\/\/www.kekiero.es\/index.php\/test-tecnicas-de-estudio&amp;source=gmail&amp;ust=1512340013238000&amp;usg=AFQjCNGC9TNsD7SWfTMNIRbNjRIICsVjYA\">test,<\/a><a href=\"http:\/\/www.kekiero.es\/formAutoA\/autoeval.html\" target=\"_blank\" rel=\"noopener\" data-saferedirecturl=\"https:\/\/www.google.com\/url?hl=es&amp;q=http:\/\/www.kekiero.es\/formAutoA\/autoeval.html&amp;source=gmail&amp;ust=1512340013238000&amp;usg=AFQjCNEvoFLHfGW6KRocF1ByisAZp0vh9w\">\u00a0cuestionario sobre la evaluaci\u00f3n<\/a>,\u00a0<a href=\"http:\/\/www.kekiero.es\/index.php\/mejorar-rendimiento\" target=\"_blank\" rel=\"noopener\" data-saferedirecturl=\"https:\/\/www.google.com\/url?hl=es&amp;q=http:\/\/www.kekiero.es\/index.php\/mejorar-rendimiento&amp;source=gmail&amp;ust=1512340013238000&amp;usg=AFQjCNHfmzRLAS_3RbhgwUumlVLeGAcA-g\">como mejorar el rendimiento<\/a>,<a href=\"http:\/\/www.kekiero.es\/index.php\/como-organizar-tiempo-de-estudio\" target=\"_blank\" rel=\"noopener\" data-saferedirecturl=\"https:\/\/www.google.com\/url?hl=es&amp;q=http:\/\/www.kekiero.es\/index.php\/como-organizar-tiempo-de-estudio&amp;source=gmail&amp;ust=1512340013238000&amp;usg=AFQjCNGQzeuPg2WJpF_P_TSA1Pj2vvri8w\">organizaci\u00f3n del tiempo<\/a>,\u00a0<a href=\"http:\/\/www.kekiero.es\/index.php\/la-sesion-de-estudio\" target=\"_blank\" rel=\"noopener\" data-saferedirecturl=\"https:\/\/www.google.com\/url?hl=es&amp;q=http:\/\/www.kekiero.es\/index.php\/la-sesion-de-estudio&amp;source=gmail&amp;ust=1512340013238000&amp;usg=AFQjCNGtHlBJ8JwnVOTKovP7qxbSCeAnNQ\">sesi\u00f3n de estudio<\/a>\u00a0y valoraci\u00f3n de resultados.<\/li>\n<\/ul>\n<div><\/div>\n<div id=\"m_-1901766946739758888gmail-lws_0\">\n<div class=\"m_-1901766946739758888gmail-linkwithin_outer\">\n<div id=\"m_-1901766946739758888gmail-linkwithin_inner\" class=\"m_-1901766946739758888gmail-linkwithin_inner\">\n<div id=\"m_-1901766946739758888gmail-linkwithin_text_0\" class=\"m_-1901766946739758888gmail-linkwithin_text\">Te puede interesar:<\/div>\n<div id=\"m_-1901766946739758888gmail-linkwithin_posts_0\" class=\"m_-1901766946739758888gmail-linkwithin_posts\">\n<div>\n<div class=\"m_-1901766946739758888gmail-linkwithin_img_0\">\n<div><\/div>\n<\/div>\n<div class=\"m_-1901766946739758888gmail-linkwithin_title m_-1901766946739758888gmail-linkwithin_title_0\">PLANIFICA TU ESTUDIO<\/div>\n<\/div>\n<div>\n<div class=\"m_-1901766946739758888gmail-linkwithin_img_0\">\n<div><\/div>\n<\/div>\n<div class=\"m_-1901766946739758888gmail-linkwithin_title m_-1901766946739758888gmail-linkwithin_title_0\">T\u00c9CNICAS DE ESTUDIO<\/div>\n<\/div>\n<div>\n<div class=\"m_-1901766946739758888gmail-linkwithin_img_0\">\n<div><\/div>\n<\/div>\n<div class=\"m_-1901766946739758888gmail-linkwithin_title m_-1901766946739758888gmail-linkwithin_title_0\">SOBRE T\u00c9CNICAS DE ESTUDIO<\/div>\n<\/div>\n<\/div>\n<\/div>\n<\/div>\n<\/div>\n<\/div>\n<\/div>\n<div class=\"yj6qo ajU\">\n<div dir=\"ltr\">\n<div id=\"m_-1901766946739758888gmail-post-body-3602078463165996404\" class=\"m_-1901766946739758888gmail-post-body m_-1901766946739758888entry-content\">\n<div id=\"m_-1901766946739758888gmail-lws_0\">\n<div class=\"m_-1901766946739758888gmail-linkwithin_outer\">\n<div id=\"m_-1901766946739758888gmail-linkwithin_inner\" class=\"m_-1901766946739758888gmail-linkwithin_inner\">\n<div id=\"m_-1901766946739758888gmail-linkwithin_posts_0\" class=\"m_-1901766946739758888gmail-linkwithin_posts\">\n<div>\n<div class=\"m_-1901766946739758888gmail-linkwithin_title m_-1901766946739758888gmail-linkwithin_title_0\"><\/div>\n<\/div>\n<\/div>\n<\/div>\n<\/div>\n<\/div>\n<\/div>\n<\/div>\n<div class=\"yj6qo ajU\"><\/div>\n<\/div>\n<p>[\/et_pb_text][\/et_pb_column][et_pb_column type=\u00bb1_2&#8243;][et_pb_text _builder_version=\u00bb3.0.89&#8243; background_layout=\u00bblight\u00bb]<\/p>\n<p><a href=\"http:\/\/campano.salesianos.edu\/colegio\/orientacion-tecnicas-de-estudio\/cuestionario-planific-y-organ-estudio_1617\/\" rel=\"attachment wp-att-5483\">Cuestionario.Planific.y.Organ.Estudio_1617<\/a><\/p>\n<p>[\/et_pb_text][et_pb_text _builder_version=\u00bb3.0.89&#8243; background_layout=\u00bblight\u00bb]<\/p>\n<p><a href=\"http:\/\/campano.salesianos.edu\/colegio\/orientacion-tecnicas-de-estudio\/planificacion-y-organizacion-del-trabajo-diario_tutoria-1617\/\" rel=\"attachment wp-att-5484\">Planificacio\u0301n-y-Organizacion-del-Trabajo-Diario_tutoria.1617<\/a><\/p>\n<p>[\/et_pb_text][\/et_pb_column][\/et_pb_row][\/et_pb_section]<\/p>\n<!-- AddThis Advanced Settings generic via filter on the_content --><!-- AddThis Share Buttons generic via filter on the_content -->","protected":false},"excerpt":{"rendered":"<p><!-- AddThis Advanced Settings generic via filter on the_excerpt --><!-- AddThis Share Buttons generic via filter on the_excerpt --><\/p>\n","protected":false},"author":3,"featured_media":0,"parent":0,"menu_order":0,"comment_status":"closed","ping_status":"closed","template":"","meta":{"_et_pb_use_builder":"on","_et_pb_old_content":"","_et_gb_content_width":"","footnotes":""},"class_list":["post-5480","page","type-page","status-publish","hentry"],"yoast_head":"<!-- This site is optimized with the Yoast SEO plugin v27.4 - https:\/\/yoast.com\/product\/yoast-seo-wordpress\/ -->\n<title>Orientaci\u00f3n-t\u00e9cnicas de estudio - Colegio<\/title>\n<meta name=\"robots\" content=\"index, follow, max-snippet:-1, max-image-preview:large, max-video-preview:-1\" \/>\n<link rel=\"canonical\" href=\"https:\/\/campano.salesianos.edu\/colegio\/orientacion-tecnicas-de-estudio\/\" \/>\n<meta property=\"og:locale\" content=\"es_ES\" \/>\n<meta property=\"og:type\" content=\"article\" \/>\n<meta property=\"og:title\" content=\"Orientaci\u00f3n-t\u00e9cnicas de estudio - Colegio\" \/>\n<meta property=\"og:url\" content=\"https:\/\/campano.salesianos.edu\/colegio\/orientacion-tecnicas-de-estudio\/\" \/>\n<meta property=\"og:site_name\" content=\"Colegio\" \/>\n<meta property=\"og:image\" content=\"https:\/\/1.bp.blogspot.com\/-VfYxsLLSTgU\/WetdIvOJxfI\/AAAAAAAADCE\/sUyN4y5PWVcJwmJqWdJdsFDM2VXHUrYJQCLcBGAs\/s1600\/organizar%2Bestudio.jpg\" \/>\n<meta name=\"twitter:card\" content=\"summary_large_image\" \/>\n<meta name=\"twitter:label1\" content=\"Tiempo de lectura\" \/>\n\t<meta name=\"twitter:data1\" content=\"1 minuto\" \/>\n<script type=\"application\/ld+json\" class=\"yoast-schema-graph\">{\"@context\":\"https:\\\/\\\/schema.org\",\"@graph\":[{\"@type\":\"WebPage\",\"@id\":\"https:\\\/\\\/campano.salesianos.edu\\\/colegio\\\/orientacion-tecnicas-de-estudio\\\/\",\"url\":\"https:\\\/\\\/campano.salesianos.edu\\\/colegio\\\/orientacion-tecnicas-de-estudio\\\/\",\"name\":\"Orientaci\u00f3n-t\u00e9cnicas de estudio - Colegio\",\"isPartOf\":{\"@id\":\"https:\\\/\\\/campano.salesianos.edu\\\/colegio\\\/#website\"},\"primaryImageOfPage\":{\"@id\":\"https:\\\/\\\/campano.salesianos.edu\\\/colegio\\\/orientacion-tecnicas-de-estudio\\\/#primaryimage\"},\"image\":{\"@id\":\"https:\\\/\\\/campano.salesianos.edu\\\/colegio\\\/orientacion-tecnicas-de-estudio\\\/#primaryimage\"},\"thumbnailUrl\":\"https:\\\/\\\/1.bp.blogspot.com\\\/-VfYxsLLSTgU\\\/WetdIvOJxfI\\\/AAAAAAAADCE\\\/sUyN4y5PWVcJwmJqWdJdsFDM2VXHUrYJQCLcBGAs\\\/s1600\\\/organizar%2Bestudio.jpg\",\"datePublished\":\"2017-12-02T22:37:48+00:00\",\"breadcrumb\":{\"@id\":\"https:\\\/\\\/campano.salesianos.edu\\\/colegio\\\/orientacion-tecnicas-de-estudio\\\/#breadcrumb\"},\"inLanguage\":\"es\",\"potentialAction\":[{\"@type\":\"ReadAction\",\"target\":[\"https:\\\/\\\/campano.salesianos.edu\\\/colegio\\\/orientacion-tecnicas-de-estudio\\\/\"]}]},{\"@type\":\"ImageObject\",\"inLanguage\":\"es\",\"@id\":\"https:\\\/\\\/campano.salesianos.edu\\\/colegio\\\/orientacion-tecnicas-de-estudio\\\/#primaryimage\",\"url\":\"https:\\\/\\\/1.bp.blogspot.com\\\/-VfYxsLLSTgU\\\/WetdIvOJxfI\\\/AAAAAAAADCE\\\/sUyN4y5PWVcJwmJqWdJdsFDM2VXHUrYJQCLcBGAs\\\/s1600\\\/organizar%2Bestudio.jpg\",\"contentUrl\":\"https:\\\/\\\/1.bp.blogspot.com\\\/-VfYxsLLSTgU\\\/WetdIvOJxfI\\\/AAAAAAAADCE\\\/sUyN4y5PWVcJwmJqWdJdsFDM2VXHUrYJQCLcBGAs\\\/s1600\\\/organizar%2Bestudio.jpg\"},{\"@type\":\"BreadcrumbList\",\"@id\":\"https:\\\/\\\/campano.salesianos.edu\\\/colegio\\\/orientacion-tecnicas-de-estudio\\\/#breadcrumb\",\"itemListElement\":[{\"@type\":\"ListItem\",\"position\":1,\"name\":\"Portada\",\"item\":\"https:\\\/\\\/campano.salesianos.edu\\\/colegio\\\/\"},{\"@type\":\"ListItem\",\"position\":2,\"name\":\"Orientaci\u00f3n-t\u00e9cnicas de estudio\"}]},{\"@type\":\"WebSite\",\"@id\":\"https:\\\/\\\/campano.salesianos.edu\\\/colegio\\\/#website\",\"url\":\"https:\\\/\\\/campano.salesianos.edu\\\/colegio\\\/\",\"name\":\"Colegio\",\"description\":\"P\u00e1gina oficial Salesianos Campano\",\"potentialAction\":[{\"@type\":\"SearchAction\",\"target\":{\"@type\":\"EntryPoint\",\"urlTemplate\":\"https:\\\/\\\/campano.salesianos.edu\\\/colegio\\\/?s={search_term_string}\"},\"query-input\":{\"@type\":\"PropertyValueSpecification\",\"valueRequired\":true,\"valueName\":\"search_term_string\"}}],\"inLanguage\":\"es\"}]}<\/script>\n<!-- \/ Yoast SEO plugin. -->","yoast_head_json":{"title":"Orientaci\u00f3n-t\u00e9cnicas de estudio - Colegio","robots":{"index":"index","follow":"follow","max-snippet":"max-snippet:-1","max-image-preview":"max-image-preview:large","max-video-preview":"max-video-preview:-1"},"canonical":"https:\/\/campano.salesianos.edu\/colegio\/orientacion-tecnicas-de-estudio\/","og_locale":"es_ES","og_type":"article","og_title":"Orientaci\u00f3n-t\u00e9cnicas de estudio - Colegio","og_url":"https:\/\/campano.salesianos.edu\/colegio\/orientacion-tecnicas-de-estudio\/","og_site_name":"Colegio","og_image":[{"url":"https:\/\/1.bp.blogspot.com\/-VfYxsLLSTgU\/WetdIvOJxfI\/AAAAAAAADCE\/sUyN4y5PWVcJwmJqWdJdsFDM2VXHUrYJQCLcBGAs\/s1600\/organizar%2Bestudio.jpg","type":"","width":"","height":""}],"twitter_card":"summary_large_image","twitter_misc":{"Tiempo de lectura":"1 minuto"},"schema":{"@context":"https:\/\/schema.org","@graph":[{"@type":"WebPage","@id":"https:\/\/campano.salesianos.edu\/colegio\/orientacion-tecnicas-de-estudio\/","url":"https:\/\/campano.salesianos.edu\/colegio\/orientacion-tecnicas-de-estudio\/","name":"Orientaci\u00f3n-t\u00e9cnicas de estudio - Colegio","isPartOf":{"@id":"https:\/\/campano.salesianos.edu\/colegio\/#website"},"primaryImageOfPage":{"@id":"https:\/\/campano.salesianos.edu\/colegio\/orientacion-tecnicas-de-estudio\/#primaryimage"},"image":{"@id":"https:\/\/campano.salesianos.edu\/colegio\/orientacion-tecnicas-de-estudio\/#primaryimage"},"thumbnailUrl":"https:\/\/1.bp.blogspot.com\/-VfYxsLLSTgU\/WetdIvOJxfI\/AAAAAAAADCE\/sUyN4y5PWVcJwmJqWdJdsFDM2VXHUrYJQCLcBGAs\/s1600\/organizar%2Bestudio.jpg","datePublished":"2017-12-02T22:37:48+00:00","breadcrumb":{"@id":"https:\/\/campano.salesianos.edu\/colegio\/orientacion-tecnicas-de-estudio\/#breadcrumb"},"inLanguage":"es","potentialAction":[{"@type":"ReadAction","target":["https:\/\/campano.salesianos.edu\/colegio\/orientacion-tecnicas-de-estudio\/"]}]},{"@type":"ImageObject","inLanguage":"es","@id":"https:\/\/campano.salesianos.edu\/colegio\/orientacion-tecnicas-de-estudio\/#primaryimage","url":"https:\/\/1.bp.blogspot.com\/-VfYxsLLSTgU\/WetdIvOJxfI\/AAAAAAAADCE\/sUyN4y5PWVcJwmJqWdJdsFDM2VXHUrYJQCLcBGAs\/s1600\/organizar%2Bestudio.jpg","contentUrl":"https:\/\/1.bp.blogspot.com\/-VfYxsLLSTgU\/WetdIvOJxfI\/AAAAAAAADCE\/sUyN4y5PWVcJwmJqWdJdsFDM2VXHUrYJQCLcBGAs\/s1600\/organizar%2Bestudio.jpg"},{"@type":"BreadcrumbList","@id":"https:\/\/campano.salesianos.edu\/colegio\/orientacion-tecnicas-de-estudio\/#breadcrumb","itemListElement":[{"@type":"ListItem","position":1,"name":"Portada","item":"https:\/\/campano.salesianos.edu\/colegio\/"},{"@type":"ListItem","position":2,"name":"Orientaci\u00f3n-t\u00e9cnicas de estudio"}]},{"@type":"WebSite","@id":"https:\/\/campano.salesianos.edu\/colegio\/#website","url":"https:\/\/campano.salesianos.edu\/colegio\/","name":"Colegio","description":"P\u00e1gina oficial Salesianos Campano","potentialAction":[{"@type":"SearchAction","target":{"@type":"EntryPoint","urlTemplate":"https:\/\/campano.salesianos.edu\/colegio\/?s={search_term_string}"},"query-input":{"@type":"PropertyValueSpecification","valueRequired":true,"valueName":"search_term_string"}}],"inLanguage":"es"}]}},"_links":{"self":[{"href":"https:\/\/campano.salesianos.edu\/colegio\/wp-json\/wp\/v2\/pages\/5480","targetHints":{"allow":["GET"]}}],"collection":[{"href":"https:\/\/campano.salesianos.edu\/colegio\/wp-json\/wp\/v2\/pages"}],"about":[{"href":"https:\/\/campano.salesianos.edu\/colegio\/wp-json\/wp\/v2\/types\/page"}],"author":[{"embeddable":true,"href":"https:\/\/campano.salesianos.edu\/colegio\/wp-json\/wp\/v2\/users\/3"}],"replies":[{"embeddable":true,"href":"https:\/\/campano.salesianos.edu\/colegio\/wp-json\/wp\/v2\/comments?post=5480"}],"version-history":[{"count":5,"href":"https:\/\/campano.salesianos.edu\/colegio\/wp-json\/wp\/v2\/pages\/5480\/revisions"}],"predecessor-version":[{"id":5487,"href":"https:\/\/campano.salesianos.edu\/colegio\/wp-json\/wp\/v2\/pages\/5480\/revisions\/5487"}],"wp:attachment":[{"href":"https:\/\/campano.salesianos.edu\/colegio\/wp-json\/wp\/v2\/media?parent=5480"}],"curies":[{"name":"wp","href":"https:\/\/api.w.org\/{rel}","templated":true}]}}