{"id":5469,"date":"2017-12-02T23:08:47","date_gmt":"2017-12-02T22:08:47","guid":{"rendered":"http:\/\/campano.salesianos.edu\/colegio\/?page_id=5469"},"modified":"2022-09-27T10:49:59","modified_gmt":"2022-09-27T08:49:59","slug":"orientacion-tutoria","status":"publish","type":"page","link":"https:\/\/campano.salesianos.edu\/colegio\/orientacion-tutoria\/","title":{"rendered":"Orientaci\u00f3n-tutor\u00eda"},"content":{"rendered":"<div id=\"fb-root\"><\/div>\n<p>[et_pb_section fb_built=\u00bb1&#8243; _builder_version=\u00bb4.16&#8243; da_disable_devices=\u00bboff|off|off\u00bb global_colors_info=\u00bb{}\u00bb da_is_popup=\u00bboff\u00bb da_exit_intent=\u00bboff\u00bb da_has_close=\u00bbon\u00bb da_alt_close=\u00bboff\u00bb da_dark_close=\u00bboff\u00bb da_not_modal=\u00bbon\u00bb da_is_singular=\u00bboff\u00bb da_with_loader=\u00bboff\u00bb da_has_shadow=\u00bbon\u00bb][et_pb_row _builder_version=\u00bb4.16&#8243; background_size=\u00bbinitial\u00bb background_position=\u00bbtop_left\u00bb background_repeat=\u00bbrepeat\u00bb global_colors_info=\u00bb{}\u00bb][et_pb_column type=\u00bb4_4&#8243; _builder_version=\u00bb4.16&#8243; custom_padding=\u00bb|||\u00bb global_colors_info=\u00bb{}\u00bb custom_padding__hover=\u00bb|||\u00bb][et_pb_text _builder_version=\u00bb4.18.0&#8243; link_option_url=\u00bbhttps:\/\/drive.google.com\/file\/d\/17G7xyJWpfqxRssa2DBHbS2YXufYHqrIZ\/view?usp=sharing\u00bb global_colors_info=\u00bb{}\u00bb]<\/p>\n<p>&nbsp;<\/p>\n<p><a href=\"https:\/\/drive.google.com\/file\/d\/17G7xyJWpfqxRssa2DBHbS2YXufYHqrIZ\/view?usp=sharing\">SECUENCIACI\u00d3N TUTOR\u00cdAS<\/a><\/p>\n<p>&nbsp;<\/p>\n<p>&nbsp;<\/p>\n<p>[\/et_pb_text][et_pb_text _builder_version=\u00bb4.16&#8243; global_colors_info=\u00bb{}\u00bb]<\/p>\n<h3><a href=\"http:\/\/orientafuenmayor.blogspot.com.es\/2017\/11\/prevencion-de-la-violencia-de-genero.html\" data-saferedirecturl=\"https:\/\/www.google.com\/url?hl=es&amp;q=http:\/\/orientafuenmayor.blogspot.com.es\/2017\/11\/prevencion-de-la-violencia-de-genero.html&amp;source=gmail&amp;ust=1512328803318000&amp;usg=AFQjCNEpWQxlwZKAhKAb-2r0caRmrbvbWA\">PREVENCI\u00d3N DE LA VIOLENCIA DE G\u00c9NERO<\/a><\/h3>\n<p>&nbsp;<\/p>\n<p><a href=\"http:\/\/campano.salesianos.edu\/colegio\/orientacion-tutoria\/concurso-violencia-de-genero\/\" rel=\"attachment wp-att-5502\"><img loading=\"lazy\" decoding=\"async\" class=\"alignnone size-medium wp-image-5502\" src=\"http:\/\/campano.salesianos.edu\/colegio\/wp-content\/uploads\/sites\/2\/2017\/12\/concurso-violencia-de-genero-300x200.jpg\" alt=\"\" width=\"300\" height=\"200\" srcset=\"https:\/\/campano.salesianos.edu\/colegio\/wp-content\/uploads\/sites\/2\/2017\/12\/concurso-violencia-de-genero-300x200.jpg 300w, https:\/\/campano.salesianos.edu\/colegio\/wp-content\/uploads\/sites\/2\/2017\/12\/concurso-violencia-de-genero.jpg 320w\" sizes=\"(max-width: 300px) 100vw, 300px\" \/><\/a><\/p>\n<p>25 de noviembre, D\u00eda de la eliminaci\u00f3n de la violencia contra la mujer, conmemora el asesinato en 1960 de las<a href=\"http:\/\/es.wikipedia.org\/wiki\/Hermanas_Mirabal\" data-saferedirecturl=\"https:\/\/www.google.com\/url?hl=es&amp;q=http:\/\/es.wikipedia.org\/wiki\/Hermanas_Mirabal&amp;source=gmail&amp;ust=1512328803318000&amp;usg=AFQjCNGWAUtbCLZSLHnituZVQeXl9FSiVg\">\u00a0hermanas Mirabal<\/a>\u00a0en la Rep\u00fablica Dominicana. Este d\u00eda fue establecido por la ONU en 1999.<\/p>\n<p><strong>Propuesta de actividades<\/strong>\u00a0para sensibilizar sobre la Violencia de G\u00e9nero.<\/p>\n<p><strong>1\u00ba ESO\u00a0<\/strong><\/p>\n<p>Lectura del cuento:\u00a0<strong><a href=\"http:\/\/creaconlaura.blogspot.com.es\/2014\/01\/el-maltrato-sutil-videocuento.html\" data-saferedirecturl=\"https:\/\/www.google.com\/url?hl=es&amp;q=http:\/\/creaconlaura.blogspot.com.es\/2014\/01\/el-maltrato-sutil-videocuento.html&amp;source=gmail&amp;ust=1512328803319000&amp;usg=AFQjCNGCutjTcPgLHdtsLgWYhmGXGEItkw\">\u00a0El Maltrato \u00abSutil\u00bb<\/a><\/strong>,\u00a0\u00a0sobre como la sociedad genera en la mujer una falta de autoestima que facilita el maltrato.<\/p>\n<p>&nbsp;<\/p>\n<p><a href=\"http:\/\/campano.salesianos.edu\/colegio\/orientacion-tutoria\/cuento-el-maltrato-sutil\/\" rel=\"attachment wp-att-5503\"><img loading=\"lazy\" decoding=\"async\" class=\"alignnone size-medium wp-image-5503\" src=\"http:\/\/campano.salesianos.edu\/colegio\/wp-content\/uploads\/sites\/2\/2017\/12\/CUENTO-el-maltrato-sutil-300x168.jpg\" alt=\"\" width=\"300\" height=\"168\" \/><\/a><\/p>\n<p><strong>2\u00ba ESO<\/strong><\/p>\n<p>Escucha la canci\u00f3n de Porta:\u00a0<a href=\"https:\/\/www.youtube.com\/watch?v=jHyTFXEkNEc\" data-saferedirecturl=\"https:\/\/www.google.com\/url?hl=es&amp;q=https:\/\/www.youtube.com\/watch?v%3DjHyTFXEkNEc&amp;source=gmail&amp;ust=1512328803319000&amp;usg=AFQjCNEQKBiHGgsPeyYeUSHTS5v1MWW87w\">La Bella y la Bestia.\u00a0<\/a><\/p>\n<p><a href=\"https:\/\/www.quedeletras.com\/letra-la-bella-la-bestia-con-norykko\/porta\/118871.html\" data-saferedirecturl=\"https:\/\/www.google.com\/url?hl=es&amp;q=https:\/\/www.quedeletras.com\/letra-la-bella-la-bestia-con-norykko\/porta\/118871.html&amp;source=gmail&amp;ust=1512328803319000&amp;usg=AFQjCNH6V5y05-N2pief7Wytdpo1mZMjDw\">Letra\u00a0<\/a><\/p>\n<p>Otras:\u00a0 Amaral:\u00a0<a href=\"https:\/\/www.youtube.com\/watch?v=ZFjzSvjJ4a8\" data-saferedirecturl=\"https:\/\/www.google.com\/url?hl=es&amp;q=https:\/\/www.youtube.com\/watch?v%3DZFjzSvjJ4a8&amp;source=gmail&amp;ust=1512328803319000&amp;usg=AFQjCNF0TBS9jOmNn0hYN_jkOOgXegVtww\">\u00abSalir corriendo\u00bb<\/a><\/p>\n<p>Comenta sus letras por parejas o en grupos. \u00bfC\u00faal es el ant\u00eddoto de la violencia?<\/p>\n<p><strong>3\u00ba ESO<\/strong><\/p>\n<p>&nbsp;<\/p>\n<p><a href=\"http:\/\/campano.salesianos.edu\/colegio\/orientacion-tutoria\/vg-hay-salida\/\" rel=\"attachment wp-att-5504\"><img loading=\"lazy\" decoding=\"async\" class=\"alignnone size-medium wp-image-5504\" src=\"http:\/\/campano.salesianos.edu\/colegio\/wp-content\/uploads\/sites\/2\/2017\/12\/VG-HAY-SALIDA-300x111.jpg\" alt=\"\" width=\"300\" height=\"111\" srcset=\"https:\/\/campano.salesianos.edu\/colegio\/wp-content\/uploads\/sites\/2\/2017\/12\/VG-HAY-SALIDA-300x111.jpg 300w, https:\/\/campano.salesianos.edu\/colegio\/wp-content\/uploads\/sites\/2\/2017\/12\/VG-HAY-SALIDA.jpg 320w\" sizes=\"(max-width: 300px) 100vw, 300px\" \/><\/a><\/p>\n<p>Despu\u00e9s de ver los cortos de\u00a0<a href=\"http:\/\/www.violenciagenero.msssi.gob.es\/profesionalesInvestigacion\/educativo\/recursos\/material\/cortos\/home.htm\" data-saferedirecturl=\"https:\/\/www.google.com\/url?hl=es&amp;q=http:\/\/www.violenciagenero.msssi.gob.es\/profesionalesInvestigacion\/educativo\/recursos\/material\/cortos\/home.htm&amp;source=gmail&amp;ust=1512328803319000&amp;usg=AFQjCNGPG5pGeToEGWDWJAH2VATGC-5mKg\">\u00abEncuentra el verdadero Amor\u00bb<\/a><\/p>\n<p>\u00bfQu\u00e9 relaci\u00f3n encuentras con estas ideas: primeros signos de maltrato, el control obsesivo , la falta de confianza , los celos, las Redes Sociales, el respeto a la intimidad &#8230;?<br \/>\n<a href=\"http:\/\/www.violenciagenero.msssi.gob.es\/profesionalesInvestigacion\/educativo\/recursos\/material\/pdf\/folleto.pdf\" data-saferedirecturl=\"https:\/\/www.google.com\/url?hl=es&amp;q=http:\/\/www.violenciagenero.msssi.gob.es\/profesionalesInvestigacion\/educativo\/recursos\/material\/pdf\/folleto.pdf&amp;source=gmail&amp;ust=1512328803319000&amp;usg=AFQjCNFM5NbdWbeHszHwOM5W35tf90-Y4A\">Folleto<\/a>\u00a0de la campa\u00f1a: Hay salida<\/p>\n<p>Elige\u00a0<a href=\"https:\/\/docs.google.com\/viewer?a=v&amp;pid=sites&amp;srcid=ZGVmYXVsdGRvbWFpbnxlbG9yaWVudGFibG9nfGd4OjYyODgyNWEzNzJlNWNjZGY\" data-saferedirecturl=\"https:\/\/www.google.com\/url?hl=es&amp;q=https:\/\/docs.google.com\/viewer?a%3Dv%26pid%3Dsites%26srcid%3DZGVmYXVsdGRvbWFpbnxlbG9yaWVudGFibG9nfGd4OjYyODgyNWEzNzJlNWNjZGY&amp;source=gmail&amp;ust=1512328803319000&amp;usg=AFQjCNECoMnQgpbHxy4NDX31O0-0LkK-OA\">dos casos de parejas adolescentes,<\/a>\u00a0responde a las preguntas y concluye c\u00f3mo debe ser una relaci\u00f3n.<a href=\"http:\/\/elorientablog.blogspot.com.es\/2010\/11\/violencia-de-genero-recursos-y.html\" data-saferedirecturl=\"https:\/\/www.google.com\/url?hl=es&amp;q=http:\/\/elorientablog.blogspot.com.es\/2010\/11\/violencia-de-genero-recursos-y.html&amp;source=gmail&amp;ust=1512328803319000&amp;usg=AFQjCNG6NlilcaZtTUN4FibOOXK84WPoFQ\">\u00a0ORIENTABLOG IES F.SAVATER. J\u00c9REZ<\/a><\/p>\n<p><strong>4\u00ba ESO<\/strong><\/p>\n<p><a href=\"http:\/\/campano.salesianos.edu\/colegio\/orientacion-tutoria\/querernos-bien\/\" rel=\"attachment wp-att-5505\"><img loading=\"lazy\" decoding=\"async\" class=\"alignnone size-full wp-image-5505\" src=\"http:\/\/campano.salesianos.edu\/colegio\/wp-content\/uploads\/sites\/2\/2017\/12\/QUERERNOS-BIEN.jpg\" alt=\"\" width=\"200\" height=\"118\" \/><\/a><br \/>\n<a href=\"https:\/\/www.youtube.com\/watch?v=LcnCtAqth6s\" data-saferedirecturl=\"https:\/\/www.google.com\/url?hl=es&amp;q=https:\/\/www.youtube.com\/watch?v%3DLcnCtAqth6s&amp;source=gmail&amp;ust=1512328803319000&amp;usg=AFQjCNE2LQ_lw76OCp51g7VJTOCbPQnafQ\">Querernos bien,<\/a>\u00a0un mini documental que aborda qu\u00e9 es la violencia de g\u00e9nero y pretende proponer herramientas para su prevenci\u00f3n.<br \/>\n[\/et_pb_text][\/et_pb_column][\/et_pb_row][\/et_pb_section]<\/p>\n<!-- AddThis Advanced Settings generic via filter on the_content --><!-- AddThis Share Buttons generic via filter on the_content -->","protected":false},"excerpt":{"rendered":"<p><!-- AddThis Advanced Settings generic via filter on the_excerpt --><!-- AddThis Share Buttons generic via filter on the_excerpt --><\/p>\n","protected":false},"author":3,"featured_media":0,"parent":0,"menu_order":0,"comment_status":"closed","ping_status":"closed","template":"","meta":{"_et_pb_use_builder":"on","_et_pb_old_content":"","_et_gb_content_width":"","footnotes":""},"class_list":["post-5469","page","type-page","status-publish","hentry"],"yoast_head":"<!-- This site is optimized with the Yoast SEO plugin v27.4 - https:\/\/yoast.com\/product\/yoast-seo-wordpress\/ -->\n<title>Orientaci\u00f3n-tutor\u00eda - Colegio<\/title>\n<meta name=\"robots\" content=\"index, follow, max-snippet:-1, max-image-preview:large, max-video-preview:-1\" \/>\n<link rel=\"canonical\" href=\"https:\/\/campano.salesianos.edu\/colegio\/orientacion-tutoria\/\" \/>\n<meta property=\"og:locale\" content=\"es_ES\" \/>\n<meta property=\"og:type\" content=\"article\" \/>\n<meta property=\"og:title\" content=\"Orientaci\u00f3n-tutor\u00eda - Colegio\" \/>\n<meta property=\"og:url\" content=\"https:\/\/campano.salesianos.edu\/colegio\/orientacion-tutoria\/\" \/>\n<meta property=\"og:site_name\" content=\"Colegio\" \/>\n<meta property=\"article:modified_time\" content=\"2022-09-27T08:49:59+00:00\" \/>\n<meta property=\"og:image\" content=\"http:\/\/campano.salesianos.edu\/colegio\/wp-content\/uploads\/sites\/2\/2017\/12\/concurso-violencia-de-genero-300x200.jpg\" \/>\n<meta name=\"twitter:card\" content=\"summary_large_image\" \/>\n<meta name=\"twitter:label1\" content=\"Tiempo de lectura\" \/>\n\t<meta name=\"twitter:data1\" content=\"2 minutos\" \/>\n<script type=\"application\/ld+json\" class=\"yoast-schema-graph\">{\"@context\":\"https:\\\/\\\/schema.org\",\"@graph\":[{\"@type\":\"WebPage\",\"@id\":\"https:\\\/\\\/campano.salesianos.edu\\\/colegio\\\/orientacion-tutoria\\\/\",\"url\":\"https:\\\/\\\/campano.salesianos.edu\\\/colegio\\\/orientacion-tutoria\\\/\",\"name\":\"Orientaci\u00f3n-tutor\u00eda - Colegio\",\"isPartOf\":{\"@id\":\"https:\\\/\\\/campano.salesianos.edu\\\/colegio\\\/#website\"},\"primaryImageOfPage\":{\"@id\":\"https:\\\/\\\/campano.salesianos.edu\\\/colegio\\\/orientacion-tutoria\\\/#primaryimage\"},\"image\":{\"@id\":\"https:\\\/\\\/campano.salesianos.edu\\\/colegio\\\/orientacion-tutoria\\\/#primaryimage\"},\"thumbnailUrl\":\"http:\\\/\\\/campano.salesianos.edu\\\/colegio\\\/wp-content\\\/uploads\\\/sites\\\/2\\\/2017\\\/12\\\/concurso-violencia-de-genero-300x200.jpg\",\"datePublished\":\"2017-12-02T22:08:47+00:00\",\"dateModified\":\"2022-09-27T08:49:59+00:00\",\"breadcrumb\":{\"@id\":\"https:\\\/\\\/campano.salesianos.edu\\\/colegio\\\/orientacion-tutoria\\\/#breadcrumb\"},\"inLanguage\":\"es\",\"potentialAction\":[{\"@type\":\"ReadAction\",\"target\":[\"https:\\\/\\\/campano.salesianos.edu\\\/colegio\\\/orientacion-tutoria\\\/\"]}]},{\"@type\":\"ImageObject\",\"inLanguage\":\"es\",\"@id\":\"https:\\\/\\\/campano.salesianos.edu\\\/colegio\\\/orientacion-tutoria\\\/#primaryimage\",\"url\":\"https:\\\/\\\/campano.salesianos.edu\\\/colegio\\\/wp-content\\\/uploads\\\/sites\\\/2\\\/2017\\\/12\\\/concurso-violencia-de-genero.jpg\",\"contentUrl\":\"https:\\\/\\\/campano.salesianos.edu\\\/colegio\\\/wp-content\\\/uploads\\\/sites\\\/2\\\/2017\\\/12\\\/concurso-violencia-de-genero.jpg\",\"width\":320,\"height\":213},{\"@type\":\"BreadcrumbList\",\"@id\":\"https:\\\/\\\/campano.salesianos.edu\\\/colegio\\\/orientacion-tutoria\\\/#breadcrumb\",\"itemListElement\":[{\"@type\":\"ListItem\",\"position\":1,\"name\":\"Portada\",\"item\":\"https:\\\/\\\/campano.salesianos.edu\\\/colegio\\\/\"},{\"@type\":\"ListItem\",\"position\":2,\"name\":\"Orientaci\u00f3n-tutor\u00eda\"}]},{\"@type\":\"WebSite\",\"@id\":\"https:\\\/\\\/campano.salesianos.edu\\\/colegio\\\/#website\",\"url\":\"https:\\\/\\\/campano.salesianos.edu\\\/colegio\\\/\",\"name\":\"Colegio\",\"description\":\"P\u00e1gina oficial Salesianos Campano\",\"potentialAction\":[{\"@type\":\"SearchAction\",\"target\":{\"@type\":\"EntryPoint\",\"urlTemplate\":\"https:\\\/\\\/campano.salesianos.edu\\\/colegio\\\/?s={search_term_string}\"},\"query-input\":{\"@type\":\"PropertyValueSpecification\",\"valueRequired\":true,\"valueName\":\"search_term_string\"}}],\"inLanguage\":\"es\"}]}<\/script>\n<!-- \/ Yoast SEO plugin. -->","yoast_head_json":{"title":"Orientaci\u00f3n-tutor\u00eda - Colegio","robots":{"index":"index","follow":"follow","max-snippet":"max-snippet:-1","max-image-preview":"max-image-preview:large","max-video-preview":"max-video-preview:-1"},"canonical":"https:\/\/campano.salesianos.edu\/colegio\/orientacion-tutoria\/","og_locale":"es_ES","og_type":"article","og_title":"Orientaci\u00f3n-tutor\u00eda - Colegio","og_url":"https:\/\/campano.salesianos.edu\/colegio\/orientacion-tutoria\/","og_site_name":"Colegio","article_modified_time":"2022-09-27T08:49:59+00:00","og_image":[{"url":"http:\/\/campano.salesianos.edu\/colegio\/wp-content\/uploads\/sites\/2\/2017\/12\/concurso-violencia-de-genero-300x200.jpg","type":"","width":"","height":""}],"twitter_card":"summary_large_image","twitter_misc":{"Tiempo de lectura":"2 minutos"},"schema":{"@context":"https:\/\/schema.org","@graph":[{"@type":"WebPage","@id":"https:\/\/campano.salesianos.edu\/colegio\/orientacion-tutoria\/","url":"https:\/\/campano.salesianos.edu\/colegio\/orientacion-tutoria\/","name":"Orientaci\u00f3n-tutor\u00eda - Colegio","isPartOf":{"@id":"https:\/\/campano.salesianos.edu\/colegio\/#website"},"primaryImageOfPage":{"@id":"https:\/\/campano.salesianos.edu\/colegio\/orientacion-tutoria\/#primaryimage"},"image":{"@id":"https:\/\/campano.salesianos.edu\/colegio\/orientacion-tutoria\/#primaryimage"},"thumbnailUrl":"http:\/\/campano.salesianos.edu\/colegio\/wp-content\/uploads\/sites\/2\/2017\/12\/concurso-violencia-de-genero-300x200.jpg","datePublished":"2017-12-02T22:08:47+00:00","dateModified":"2022-09-27T08:49:59+00:00","breadcrumb":{"@id":"https:\/\/campano.salesianos.edu\/colegio\/orientacion-tutoria\/#breadcrumb"},"inLanguage":"es","potentialAction":[{"@type":"ReadAction","target":["https:\/\/campano.salesianos.edu\/colegio\/orientacion-tutoria\/"]}]},{"@type":"ImageObject","inLanguage":"es","@id":"https:\/\/campano.salesianos.edu\/colegio\/orientacion-tutoria\/#primaryimage","url":"https:\/\/campano.salesianos.edu\/colegio\/wp-content\/uploads\/sites\/2\/2017\/12\/concurso-violencia-de-genero.jpg","contentUrl":"https:\/\/campano.salesianos.edu\/colegio\/wp-content\/uploads\/sites\/2\/2017\/12\/concurso-violencia-de-genero.jpg","width":320,"height":213},{"@type":"BreadcrumbList","@id":"https:\/\/campano.salesianos.edu\/colegio\/orientacion-tutoria\/#breadcrumb","itemListElement":[{"@type":"ListItem","position":1,"name":"Portada","item":"https:\/\/campano.salesianos.edu\/colegio\/"},{"@type":"ListItem","position":2,"name":"Orientaci\u00f3n-tutor\u00eda"}]},{"@type":"WebSite","@id":"https:\/\/campano.salesianos.edu\/colegio\/#website","url":"https:\/\/campano.salesianos.edu\/colegio\/","name":"Colegio","description":"P\u00e1gina oficial Salesianos Campano","potentialAction":[{"@type":"SearchAction","target":{"@type":"EntryPoint","urlTemplate":"https:\/\/campano.salesianos.edu\/colegio\/?s={search_term_string}"},"query-input":{"@type":"PropertyValueSpecification","valueRequired":true,"valueName":"search_term_string"}}],"inLanguage":"es"}]}},"_links":{"self":[{"href":"https:\/\/campano.salesianos.edu\/colegio\/wp-json\/wp\/v2\/pages\/5469","targetHints":{"allow":["GET"]}}],"collection":[{"href":"https:\/\/campano.salesianos.edu\/colegio\/wp-json\/wp\/v2\/pages"}],"about":[{"href":"https:\/\/campano.salesianos.edu\/colegio\/wp-json\/wp\/v2\/types\/page"}],"author":[{"embeddable":true,"href":"https:\/\/campano.salesianos.edu\/colegio\/wp-json\/wp\/v2\/users\/3"}],"replies":[{"embeddable":true,"href":"https:\/\/campano.salesianos.edu\/colegio\/wp-json\/wp\/v2\/comments?post=5469"}],"version-history":[{"count":9,"href":"https:\/\/campano.salesianos.edu\/colegio\/wp-json\/wp\/v2\/pages\/5469\/revisions"}],"predecessor-version":[{"id":7297,"href":"https:\/\/campano.salesianos.edu\/colegio\/wp-json\/wp\/v2\/pages\/5469\/revisions\/7297"}],"wp:attachment":[{"href":"https:\/\/campano.salesianos.edu\/colegio\/wp-json\/wp\/v2\/media?parent=5469"}],"curies":[{"name":"wp","href":"https:\/\/api.w.org\/{rel}","templated":true}]}}