{"id":4934,"date":"2017-11-11T18:06:34","date_gmt":"2017-11-11T17:06:34","guid":{"rendered":"http:\/\/campano.salesianos.edu\/colegio\/?page_id=4934"},"modified":"2018-02-05T13:05:33","modified_gmt":"2018-02-05T12:05:33","slug":"donde-estamos","status":"publish","type":"page","link":"https:\/\/campano.salesianos.edu\/colegio\/donde-estamos\/","title":{"rendered":"D\u00f3nde estamos"},"content":{"rendered":"<div id=\"fb-root\"><\/div>\n<p>[et_pb_section bb_built=\u00bb1&#8243; fullwidth=\u00bbon\u00bb specialty=\u00bboff\u00bb _builder_version=\u00bb3.0.85&#8243;][et_pb_fullwidth_map admin_label=\u00bbFullwidth Map\u00bb zoom_level=\u00bb16&#8243; address_lat=\u00bb36.35920691907631&#8243; address_lng=\u00bb-6.134808884353675&#8243; _builder_version=\u00bb3.0.89&#8243; address=\u00bbEspa\u00f1a\u00bb mouse_wheel=\u00bbon\u00bb mobile_dragging=\u00bbon\u00bb use_grayscale_filter=\u00bboff\u00bb saved_tabs=\u00bball\u00bb]<\/p>\n<p>[et_pb_map_pin title=\u00bbCampano\u00bb pin_address=\u00bbC\u00e1diz, Espa\u00f1a\u00bb pin_address_lat=\u00bb36.35825953896422&#8243; pin_address_lng=\u00bb-6.136547135363799&#8243; _builder_version=\u00bb3.0.89&#8243; \/]<\/p>\n<p>[\/et_pb_fullwidth_map][\/et_pb_section][et_pb_section bb_built=\u00bb1&#8243; fullwidth=\u00bboff\u00bb][et_pb_row][et_pb_column type=\u00bb2_3&#8243;][et_pb_contact_form admin_label=\u00bbContact Form\u00bb captcha=\u00bboff\u00bb title=\u00bbEnviado\u00bb _builder_version=\u00bb3.0.89&#8243; email=\u00bbcomunicaci\u00f3n.campano@salesianos.edu\u00bb use_redirect=\u00bboff\u00bb custom_button=\u00bboff\u00bb button_icon_placement=\u00bbright\u00bb]<\/p>\n<p>[et_pb_contact_field field_title=\u00bbNombre\u00bb field_type=\u00bbinput\u00bb field_id=\u00bbName\u00bb required_mark=\u00bbon\u00bb fullwidth_field=\u00bboff\u00bb \/][et_pb_contact_field field_title=\u00bbDirecci\u00f3n de correo electr\u00f3nico\u00bb field_type=\u00bbemail\u00bb field_id=\u00bbEmail\u00bb required_mark=\u00bbon\u00bb fullwidth_field=\u00bboff\u00bb \/][et_pb_contact_field field_title=\u00bbMensaje\u00bb field_type=\u00bbtext\u00bb field_id=\u00bbMessage\u00bb required_mark=\u00bbon\u00bb fullwidth_field=\u00bbon\u00bb \/]<\/p>\n<p>[\/et_pb_contact_form][\/et_pb_column][et_pb_column type=\u00bb1_3&#8243;][et_pb_text admin_label=\u00bbText\u00bb background_layout=\u00bblight\u00bb background_position=\u00bbtop_left\u00bb background_repeat=\u00bbrepeat\u00bb background_size=\u00bbinitial\u00bb _builder_version=\u00bb3.0.89&#8243;]<\/p>\n<h3>M\u00e1s Informaci\u00f3n<\/h3>\n<p>Para m\u00e1s informaci\u00f3n puedes contactar con alguno de los responsables concretos de alg\u00fan departamento, mandando un correo\u00a0 exponiendo sus dudas, o bien navegar por la p\u00e1gina y resolver sus dudas<\/p>\n<p><strong>Direcci\u00f3n:<\/strong><br \/>\nCarretera C\u00e1diz &#8211; M\u00e1laga Km 12<\/p>\n<p>Campano &#8211; Chiclana<\/p>\n<p>C\u00e1diz<\/p>\n<p><strong>Tel\u00e9fono:\u00a0 \u00a0956.401. 062<\/strong><\/p>\n<p><strong>Horario de atenci\u00f3n: De Lunes a Viernes de 8 a 14,30<\/strong><\/p>\n<p>[\/et_pb_text][\/et_pb_column][\/et_pb_row][\/et_pb_section]<\/p>\n<!-- AddThis Advanced Settings generic via filter on the_content --><!-- AddThis Share Buttons generic via filter on the_content -->","protected":false},"excerpt":{"rendered":"<p><!-- AddThis Advanced Settings generic via filter on the_excerpt --><!-- AddThis Share Buttons generic via filter on the_excerpt --><\/p>\n","protected":false},"author":3,"featured_media":0,"parent":0,"menu_order":0,"comment_status":"closed","ping_status":"closed","template":"","meta":{"_et_pb_use_builder":"on","_et_pb_old_content":"","_et_gb_content_width":"","footnotes":""},"class_list":["post-4934","page","type-page","status-publish","hentry"],"yoast_head":"<!-- This site is optimized with the Yoast SEO plugin v27.4 - https:\/\/yoast.com\/product\/yoast-seo-wordpress\/ -->\n<title>D\u00f3nde estamos - Colegio<\/title>\n<meta name=\"robots\" content=\"index, follow, max-snippet:-1, max-image-preview:large, max-video-preview:-1\" \/>\n<link rel=\"canonical\" href=\"https:\/\/campano.salesianos.edu\/colegio\/donde-estamos\/\" \/>\n<meta property=\"og:locale\" content=\"es_ES\" \/>\n<meta property=\"og:type\" content=\"article\" \/>\n<meta property=\"og:title\" content=\"D\u00f3nde estamos - Colegio\" \/>\n<meta property=\"og:url\" content=\"https:\/\/campano.salesianos.edu\/colegio\/donde-estamos\/\" \/>\n<meta property=\"og:site_name\" content=\"Colegio\" \/>\n<meta property=\"article:modified_time\" content=\"2018-02-05T12:05:33+00:00\" \/>\n<meta name=\"twitter:card\" content=\"summary_large_image\" \/>\n<meta name=\"twitter:label1\" content=\"Tiempo de lectura\" \/>\n\t<meta name=\"twitter:data1\" content=\"1 minuto\" \/>\n<script type=\"application\/ld+json\" class=\"yoast-schema-graph\">{\"@context\":\"https:\\\/\\\/schema.org\",\"@graph\":[{\"@type\":\"WebPage\",\"@id\":\"https:\\\/\\\/campano.salesianos.edu\\\/colegio\\\/donde-estamos\\\/\",\"url\":\"https:\\\/\\\/campano.salesianos.edu\\\/colegio\\\/donde-estamos\\\/\",\"name\":\"D\u00f3nde estamos - Colegio\",\"isPartOf\":{\"@id\":\"https:\\\/\\\/campano.salesianos.edu\\\/colegio\\\/#website\"},\"datePublished\":\"2017-11-11T17:06:34+00:00\",\"dateModified\":\"2018-02-05T12:05:33+00:00\",\"breadcrumb\":{\"@id\":\"https:\\\/\\\/campano.salesianos.edu\\\/colegio\\\/donde-estamos\\\/#breadcrumb\"},\"inLanguage\":\"es\",\"potentialAction\":[{\"@type\":\"ReadAction\",\"target\":[\"https:\\\/\\\/campano.salesianos.edu\\\/colegio\\\/donde-estamos\\\/\"]}]},{\"@type\":\"BreadcrumbList\",\"@id\":\"https:\\\/\\\/campano.salesianos.edu\\\/colegio\\\/donde-estamos\\\/#breadcrumb\",\"itemListElement\":[{\"@type\":\"ListItem\",\"position\":1,\"name\":\"Portada\",\"item\":\"https:\\\/\\\/campano.salesianos.edu\\\/colegio\\\/\"},{\"@type\":\"ListItem\",\"position\":2,\"name\":\"D\u00f3nde estamos\"}]},{\"@type\":\"WebSite\",\"@id\":\"https:\\\/\\\/campano.salesianos.edu\\\/colegio\\\/#website\",\"url\":\"https:\\\/\\\/campano.salesianos.edu\\\/colegio\\\/\",\"name\":\"Colegio\",\"description\":\"P\u00e1gina oficial Salesianos Campano\",\"potentialAction\":[{\"@type\":\"SearchAction\",\"target\":{\"@type\":\"EntryPoint\",\"urlTemplate\":\"https:\\\/\\\/campano.salesianos.edu\\\/colegio\\\/?s={search_term_string}\"},\"query-input\":{\"@type\":\"PropertyValueSpecification\",\"valueRequired\":true,\"valueName\":\"search_term_string\"}}],\"inLanguage\":\"es\"}]}<\/script>\n<!-- \/ Yoast SEO plugin. -->","yoast_head_json":{"title":"D\u00f3nde estamos - Colegio","robots":{"index":"index","follow":"follow","max-snippet":"max-snippet:-1","max-image-preview":"max-image-preview:large","max-video-preview":"max-video-preview:-1"},"canonical":"https:\/\/campano.salesianos.edu\/colegio\/donde-estamos\/","og_locale":"es_ES","og_type":"article","og_title":"D\u00f3nde estamos - Colegio","og_url":"https:\/\/campano.salesianos.edu\/colegio\/donde-estamos\/","og_site_name":"Colegio","article_modified_time":"2018-02-05T12:05:33+00:00","twitter_card":"summary_large_image","twitter_misc":{"Tiempo de lectura":"1 minuto"},"schema":{"@context":"https:\/\/schema.org","@graph":[{"@type":"WebPage","@id":"https:\/\/campano.salesianos.edu\/colegio\/donde-estamos\/","url":"https:\/\/campano.salesianos.edu\/colegio\/donde-estamos\/","name":"D\u00f3nde estamos - Colegio","isPartOf":{"@id":"https:\/\/campano.salesianos.edu\/colegio\/#website"},"datePublished":"2017-11-11T17:06:34+00:00","dateModified":"2018-02-05T12:05:33+00:00","breadcrumb":{"@id":"https:\/\/campano.salesianos.edu\/colegio\/donde-estamos\/#breadcrumb"},"inLanguage":"es","potentialAction":[{"@type":"ReadAction","target":["https:\/\/campano.salesianos.edu\/colegio\/donde-estamos\/"]}]},{"@type":"BreadcrumbList","@id":"https:\/\/campano.salesianos.edu\/colegio\/donde-estamos\/#breadcrumb","itemListElement":[{"@type":"ListItem","position":1,"name":"Portada","item":"https:\/\/campano.salesianos.edu\/colegio\/"},{"@type":"ListItem","position":2,"name":"D\u00f3nde estamos"}]},{"@type":"WebSite","@id":"https:\/\/campano.salesianos.edu\/colegio\/#website","url":"https:\/\/campano.salesianos.edu\/colegio\/","name":"Colegio","description":"P\u00e1gina oficial Salesianos Campano","potentialAction":[{"@type":"SearchAction","target":{"@type":"EntryPoint","urlTemplate":"https:\/\/campano.salesianos.edu\/colegio\/?s={search_term_string}"},"query-input":{"@type":"PropertyValueSpecification","valueRequired":true,"valueName":"search_term_string"}}],"inLanguage":"es"}]}},"_links":{"self":[{"href":"https:\/\/campano.salesianos.edu\/colegio\/wp-json\/wp\/v2\/pages\/4934","targetHints":{"allow":["GET"]}}],"collection":[{"href":"https:\/\/campano.salesianos.edu\/colegio\/wp-json\/wp\/v2\/pages"}],"about":[{"href":"https:\/\/campano.salesianos.edu\/colegio\/wp-json\/wp\/v2\/types\/page"}],"author":[{"embeddable":true,"href":"https:\/\/campano.salesianos.edu\/colegio\/wp-json\/wp\/v2\/users\/3"}],"replies":[{"embeddable":true,"href":"https:\/\/campano.salesianos.edu\/colegio\/wp-json\/wp\/v2\/comments?post=4934"}],"version-history":[{"count":8,"href":"https:\/\/campano.salesianos.edu\/colegio\/wp-json\/wp\/v2\/pages\/4934\/revisions"}],"predecessor-version":[{"id":4949,"href":"https:\/\/campano.salesianos.edu\/colegio\/wp-json\/wp\/v2\/pages\/4934\/revisions\/4949"}],"wp:attachment":[{"href":"https:\/\/campano.salesianos.edu\/colegio\/wp-json\/wp\/v2\/media?parent=4934"}],"curies":[{"name":"wp","href":"https:\/\/api.w.org\/{rel}","templated":true}]}}