{"id":4680,"date":"2017-11-10T09:43:13","date_gmt":"2017-11-10T08:43:13","guid":{"rendered":"http:\/\/campano.salesianos.edu\/colegio\/?page_id=4680"},"modified":"2019-01-16T09:57:44","modified_gmt":"2019-01-16T08:57:44","slug":"dep-orientacion","status":"publish","type":"page","link":"https:\/\/campano.salesianos.edu\/colegio\/dep-orientacion\/","title":{"rendered":"Dep. Orientaci\u00f3n"},"content":{"rendered":"<div id=\"fb-root\"><\/div>\n<p>[et_pb_section bb_built=\u00bb1&#8243;][et_pb_row _builder_version=\u00bb3.0.85&#8243;][et_pb_column type=\u00bb1_3&#8243;][et_pb_blurb _builder_version=\u00bb3.0.89&#8243; title=\u00bb\u00bfQu\u00e9 es y para que sirve el departamento?\u00bb url_new_window=\u00bboff\u00bb use_icon=\u00bboff\u00bb use_circle=\u00bboff\u00bb use_circle_border=\u00bboff\u00bb icon_placement=\u00bbtop\u00bb use_icon_font_size=\u00bboff\u00bb background_layout=\u00bblight\u00bb]<\/p>\n<div dir=\"ltr\">\n<p><b>\u00bfQU\u00c9 ES LA ORIENTACI\u00d3N EDUCATIVA?<\/b><\/p>\n<ul>\n<li>\u00a0 La Orientaci\u00f3n ayuda a cada alumno y alumna a encontrar su camino dentro del sistema educativo, respondiendo a sus intereses, posibilitando as\u00ed una Educaci\u00f3n individualizada, facilitando la toma de decisiones de los alumnos que ser\u00e1n trascendentales para su futuro profesional y personal.<\/li>\n<li>\u00a0\u00a0 Atiende a la diversidad del alumnado y proporciona la respuesta educativa que m\u00e1s se ajusta a cada persona, facilitando su integraci\u00f3n y satisfacci\u00f3n personal.<\/li>\n<li>\u00a0 Asesora a las familias del alumnado y les orientan en la tarea cotidiana de educar. Del mismo modo, ayudan al profesorado en su quehacer educativo coordin\u00e1ndose para alcanzar un objetivo com\u00fan lograr el m\u00e1ximo desarrollo personal y social de los alumnos.<\/li>\n<\/ul>\n<\/div>\n<div dir=\"ltr\"><img decoding=\"async\" class=\"CToWUd\" src=\"https:\/\/ci4.googleusercontent.com\/proxy\/5mBIa_n4MVj8KLLaeXQqB-FyOWUSg4pQpoO9JQqvaC2yMwAk5JFODglGEpVfaOBnbYKJRxwNxlvtcrhCWDh_T31q-5q9hpubXBaB9ecHrS2a7g=s0-d-e1-ft#http:\/\/imagencorporativa.salesianos.edu\/firma\/salesianos.png\" \/><\/div>\n<p>[\/et_pb_blurb][\/et_pb_column][et_pb_column type=\u00bb1_3&#8243;][et_pb_button _builder_version=\u00bb3.0.89&#8243; button_text=\u00bbTutor\u00edas\u00bb url_new_window=\u00bboff\u00bb background_layout=\u00bbdark\u00bb custom_button=\u00bbon\u00bb button_bg_color=\u00bb#e02b20&#8243; button_border_width=\u00bb8&#8243; button_border_color=\u00bb#7cda24&#8243; button_border_radius=\u00bb8&#8243; button_letter_spacing=\u00bb3&#8243; button_icon_placement=\u00bbright\u00bb button_url=\u00bbhttp:\/\/campano.salesianos.edu\/colegio\/orientacion-tutoria\/\u00bb \/][et_pb_button _builder_version=\u00bb3.0.89&#8243; button_text=\u00bbPruebas de acceso\u00bb url_new_window=\u00bboff\u00bb background_layout=\u00bbdark\u00bb custom_button=\u00bbon\u00bb button_bg_color=\u00bb#e02b20&#8243; button_border_width=\u00bb8&#8243; button_border_color=\u00bb#7cda24&#8243; button_border_radius=\u00bb8&#8243; button_letter_spacing=\u00bb3&#8243; button_icon_placement=\u00bbright\u00bb \/][et_pb_button _builder_version=\u00bb3.0.89&#8243; button_text=\u00bbFechas importantes\u00bb url_new_window=\u00bboff\u00bb background_layout=\u00bbdark\u00bb custom_button=\u00bbon\u00bb button_bg_color=\u00bb#e02b20&#8243; button_border_width=\u00bb8&#8243; button_border_color=\u00bb#7cda24&#8243; button_border_radius=\u00bb8&#8243; button_letter_spacing=\u00bb3&#8243; button_icon_placement=\u00bbright\u00bb \/][et_pb_button _builder_version=\u00bb3.0.89&#8243; button_text=\u00bbT\u00e9cnicas de Estudio \u00bb url_new_window=\u00bboff\u00bb background_layout=\u00bbdark\u00bb custom_button=\u00bbon\u00bb button_bg_color=\u00bb#e02b20&#8243; button_border_width=\u00bb8&#8243; button_border_color=\u00bb#7cda24&#8243; button_border_radius=\u00bb8&#8243; button_letter_spacing=\u00bb3&#8243; button_icon_placement=\u00bbright\u00bb button_url=\u00bbhttp:\/\/campano.salesianos.edu\/colegio\/orientacion-tecnicas-de-estudio\/\u00bb \/][et_pb_button _builder_version=\u00bb3.0.89&#8243; button_text=\u00bbRecursos educativos\u00bb url_new_window=\u00bboff\u00bb background_layout=\u00bbdark\u00bb custom_button=\u00bbon\u00bb button_bg_color=\u00bb#e02b20&#8243; button_border_width=\u00bb8&#8243; button_border_color=\u00bb#7cda24&#8243; button_border_radius=\u00bb8&#8243; button_letter_spacing=\u00bb3&#8243; button_icon_placement=\u00bbright\u00bb button_url=\u00bbhttp:\/\/campano.salesianos.edu\/colegio\/orientacion-recursos\/\u00bb \/][et_pb_button _builder_version=\u00bb3.0.105&#8243; button_text=\u00bbPOAT\u00bb url_new_window=\u00bboff\u00bb background_layout=\u00bbdark\u00bb custom_button=\u00bbon\u00bb button_icon_placement=\u00bbright\u00bb button_bg_color=\u00bb#e02b20&#8243; button_border_width=\u00bb8&#8243; button_border_color=\u00bb#7cda24&#8243; button_border_radius=\u00bb8&#8243; button_url=\u00bbhttps:\/\/drive.google.com\/file\/d\/1q8ZNFppKdm6OWHmRVX2252xY9jSDUV-Q\/view?usp=sharing\u00bb \/][\/et_pb_column][et_pb_column type=\u00bb1_3&#8243;][et_pb_button _builder_version=\u00bb3.0.89&#8243; button_text=\u00bbF. Profesional B\u00e1sica\u00bb url_new_window=\u00bboff\u00bb background_layout=\u00bbdark\u00bb custom_button=\u00bbon\u00bb button_bg_color=\u00bb#e02b20&#8243; button_border_width=\u00bb8&#8243; button_border_color=\u00bb#7cda24&#8243; button_border_radius=\u00bb8&#8243; button_letter_spacing=\u00bb3&#8243; button_icon_placement=\u00bbright\u00bb button_url=\u00bbhttp:\/\/campano.salesianos.edu\/colegio\/orientacion-fpb\/\u00bb \/][et_pb_button _builder_version=\u00bb3.0.89&#8243; button_text=\u00bbFormaci\u00f3n Profesional\u00bb url_new_window=\u00bboff\u00bb background_layout=\u00bbdark\u00bb custom_button=\u00bbon\u00bb button_bg_color=\u00bb#e02b20&#8243; button_border_width=\u00bb8&#8243; button_border_color=\u00bb#7cda24&#8243; button_border_radius=\u00bb8&#8243; button_letter_spacing=\u00bb3&#8243; button_icon_placement=\u00bbright\u00bb \/][et_pb_button _builder_version=\u00bb3.0.89&#8243; button_text=\u00bbValores \/ D\u00edas Mundiales\u00bb url_new_window=\u00bboff\u00bb background_layout=\u00bbdark\u00bb custom_button=\u00bbon\u00bb button_bg_color=\u00bb#e02b20&#8243; button_border_width=\u00bb8&#8243; button_border_color=\u00bb#7cda24&#8243; button_border_radius=\u00bb8&#8243; button_letter_spacing=\u00bb3&#8243; button_icon_placement=\u00bbright\u00bb \/][et_pb_button _builder_version=\u00bb3.0.89&#8243; button_text=\u00bbAtenci\u00f3n a la diversidad\u00bb url_new_window=\u00bboff\u00bb background_layout=\u00bbdark\u00bb custom_button=\u00bbon\u00bb button_bg_color=\u00bb#e02b20&#8243; button_border_width=\u00bb8&#8243; button_border_color=\u00bb#7cda24&#8243; button_border_radius=\u00bb8&#8243; button_letter_spacing=\u00bb3&#8243; button_icon_placement=\u00bbright\u00bb button_url=\u00bbhttp:\/\/campano.salesianos.edu\/colegio\/atencion-a-la-diversidad\/\u00bb \/][et_pb_button _builder_version=\u00bb3.0.89&#8243; button_text=\u00bbOrientaci\u00f3n acad\u00e9mica y profesional\u00bb url_new_window=\u00bboff\u00bb background_layout=\u00bbdark\u00bb custom_button=\u00bbon\u00bb button_bg_color=\u00bb#e02b20&#8243; button_border_width=\u00bb8&#8243; button_border_color=\u00bb#7cda24&#8243; button_border_radius=\u00bb9&#8243; button_letter_spacing=\u00bb3&#8243; button_icon_placement=\u00bbright\u00bb button_url=\u00bbhttp:\/\/campano.salesianos.edu\/colegio\/orientacion-orientacion-academica\/\u00bb \/][\/et_pb_column][\/et_pb_row][\/et_pb_section]<\/p>\n<!-- AddThis Advanced Settings generic via filter on the_content --><!-- AddThis Share Buttons generic via filter on the_content -->","protected":false},"excerpt":{"rendered":"<p><!-- AddThis Advanced Settings generic via filter on the_excerpt --><!-- AddThis Share Buttons generic via filter on the_excerpt --><\/p>\n","protected":false},"author":3,"featured_media":0,"parent":0,"menu_order":0,"comment_status":"closed","ping_status":"closed","template":"","meta":{"_et_pb_use_builder":"on","_et_pb_old_content":"","_et_gb_content_width":"","footnotes":""},"class_list":["post-4680","page","type-page","status-publish","hentry"],"yoast_head":"<!-- This site is optimized with the Yoast SEO plugin v27.4 - https:\/\/yoast.com\/product\/yoast-seo-wordpress\/ -->\n<title>Dep. Orientaci\u00f3n - Colegio<\/title>\n<meta name=\"robots\" content=\"index, follow, max-snippet:-1, max-image-preview:large, max-video-preview:-1\" \/>\n<link rel=\"canonical\" href=\"https:\/\/campano.salesianos.edu\/colegio\/dep-orientacion\/\" \/>\n<meta property=\"og:locale\" content=\"es_ES\" \/>\n<meta property=\"og:type\" content=\"article\" \/>\n<meta property=\"og:title\" content=\"Dep. Orientaci\u00f3n - Colegio\" \/>\n<meta property=\"og:url\" content=\"https:\/\/campano.salesianos.edu\/colegio\/dep-orientacion\/\" \/>\n<meta property=\"og:site_name\" content=\"Colegio\" \/>\n<meta property=\"article:modified_time\" content=\"2019-01-16T08:57:44+00:00\" \/>\n<meta property=\"og:image\" content=\"https:\/\/ci4.googleusercontent.com\/proxy\/5mBIa_n4MVj8KLLaeXQqB-FyOWUSg4pQpoO9JQqvaC2yMwAk5JFODglGEpVfaOBnbYKJRxwNxlvtcrhCWDh_T31q-5q9hpubXBaB9ecHrS2a7g=s0-d-e1-ft#http:\/\/imagencorporativa.salesianos.edu\/firma\/salesianos.png\" \/>\n<meta name=\"twitter:card\" content=\"summary_large_image\" \/>\n<meta name=\"twitter:label1\" content=\"Tiempo de lectura\" \/>\n\t<meta name=\"twitter:data1\" content=\"2 minutos\" \/>\n<script type=\"application\/ld+json\" class=\"yoast-schema-graph\">{\"@context\":\"https:\\\/\\\/schema.org\",\"@graph\":[{\"@type\":\"WebPage\",\"@id\":\"https:\\\/\\\/campano.salesianos.edu\\\/colegio\\\/dep-orientacion\\\/\",\"url\":\"https:\\\/\\\/campano.salesianos.edu\\\/colegio\\\/dep-orientacion\\\/\",\"name\":\"Dep. Orientaci\u00f3n - Colegio\",\"isPartOf\":{\"@id\":\"https:\\\/\\\/campano.salesianos.edu\\\/colegio\\\/#website\"},\"primaryImageOfPage\":{\"@id\":\"https:\\\/\\\/campano.salesianos.edu\\\/colegio\\\/dep-orientacion\\\/#primaryimage\"},\"image\":{\"@id\":\"https:\\\/\\\/campano.salesianos.edu\\\/colegio\\\/dep-orientacion\\\/#primaryimage\"},\"thumbnailUrl\":\"https:\\\/\\\/ci4.googleusercontent.com\\\/proxy\\\/5mBIa_n4MVj8KLLaeXQqB-FyOWUSg4pQpoO9JQqvaC2yMwAk5JFODglGEpVfaOBnbYKJRxwNxlvtcrhCWDh_T31q-5q9hpubXBaB9ecHrS2a7g=s0-d-e1-ft#http:\\\/\\\/imagencorporativa.salesianos.edu\\\/firma\\\/salesianos.png\",\"datePublished\":\"2017-11-10T08:43:13+00:00\",\"dateModified\":\"2019-01-16T08:57:44+00:00\",\"breadcrumb\":{\"@id\":\"https:\\\/\\\/campano.salesianos.edu\\\/colegio\\\/dep-orientacion\\\/#breadcrumb\"},\"inLanguage\":\"es\",\"potentialAction\":[{\"@type\":\"ReadAction\",\"target\":[\"https:\\\/\\\/campano.salesianos.edu\\\/colegio\\\/dep-orientacion\\\/\"]}]},{\"@type\":\"ImageObject\",\"inLanguage\":\"es\",\"@id\":\"https:\\\/\\\/campano.salesianos.edu\\\/colegio\\\/dep-orientacion\\\/#primaryimage\",\"url\":\"https:\\\/\\\/ci4.googleusercontent.com\\\/proxy\\\/5mBIa_n4MVj8KLLaeXQqB-FyOWUSg4pQpoO9JQqvaC2yMwAk5JFODglGEpVfaOBnbYKJRxwNxlvtcrhCWDh_T31q-5q9hpubXBaB9ecHrS2a7g=s0-d-e1-ft#http:\\\/\\\/imagencorporativa.salesianos.edu\\\/firma\\\/salesianos.png\",\"contentUrl\":\"https:\\\/\\\/ci4.googleusercontent.com\\\/proxy\\\/5mBIa_n4MVj8KLLaeXQqB-FyOWUSg4pQpoO9JQqvaC2yMwAk5JFODglGEpVfaOBnbYKJRxwNxlvtcrhCWDh_T31q-5q9hpubXBaB9ecHrS2a7g=s0-d-e1-ft#http:\\\/\\\/imagencorporativa.salesianos.edu\\\/firma\\\/salesianos.png\"},{\"@type\":\"BreadcrumbList\",\"@id\":\"https:\\\/\\\/campano.salesianos.edu\\\/colegio\\\/dep-orientacion\\\/#breadcrumb\",\"itemListElement\":[{\"@type\":\"ListItem\",\"position\":1,\"name\":\"Portada\",\"item\":\"https:\\\/\\\/campano.salesianos.edu\\\/colegio\\\/\"},{\"@type\":\"ListItem\",\"position\":2,\"name\":\"Dep. Orientaci\u00f3n\"}]},{\"@type\":\"WebSite\",\"@id\":\"https:\\\/\\\/campano.salesianos.edu\\\/colegio\\\/#website\",\"url\":\"https:\\\/\\\/campano.salesianos.edu\\\/colegio\\\/\",\"name\":\"Colegio\",\"description\":\"P\u00e1gina oficial Salesianos Campano\",\"potentialAction\":[{\"@type\":\"SearchAction\",\"target\":{\"@type\":\"EntryPoint\",\"urlTemplate\":\"https:\\\/\\\/campano.salesianos.edu\\\/colegio\\\/?s={search_term_string}\"},\"query-input\":{\"@type\":\"PropertyValueSpecification\",\"valueRequired\":true,\"valueName\":\"search_term_string\"}}],\"inLanguage\":\"es\"}]}<\/script>\n<!-- \/ Yoast SEO plugin. -->","yoast_head_json":{"title":"Dep. Orientaci\u00f3n - Colegio","robots":{"index":"index","follow":"follow","max-snippet":"max-snippet:-1","max-image-preview":"max-image-preview:large","max-video-preview":"max-video-preview:-1"},"canonical":"https:\/\/campano.salesianos.edu\/colegio\/dep-orientacion\/","og_locale":"es_ES","og_type":"article","og_title":"Dep. Orientaci\u00f3n - Colegio","og_url":"https:\/\/campano.salesianos.edu\/colegio\/dep-orientacion\/","og_site_name":"Colegio","article_modified_time":"2019-01-16T08:57:44+00:00","og_image":[{"url":"https:\/\/ci4.googleusercontent.com\/proxy\/5mBIa_n4MVj8KLLaeXQqB-FyOWUSg4pQpoO9JQqvaC2yMwAk5JFODglGEpVfaOBnbYKJRxwNxlvtcrhCWDh_T31q-5q9hpubXBaB9ecHrS2a7g=s0-d-e1-ft#http:\/\/imagencorporativa.salesianos.edu\/firma\/salesianos.png","type":"","width":"","height":""}],"twitter_card":"summary_large_image","twitter_misc":{"Tiempo de lectura":"2 minutos"},"schema":{"@context":"https:\/\/schema.org","@graph":[{"@type":"WebPage","@id":"https:\/\/campano.salesianos.edu\/colegio\/dep-orientacion\/","url":"https:\/\/campano.salesianos.edu\/colegio\/dep-orientacion\/","name":"Dep. Orientaci\u00f3n - Colegio","isPartOf":{"@id":"https:\/\/campano.salesianos.edu\/colegio\/#website"},"primaryImageOfPage":{"@id":"https:\/\/campano.salesianos.edu\/colegio\/dep-orientacion\/#primaryimage"},"image":{"@id":"https:\/\/campano.salesianos.edu\/colegio\/dep-orientacion\/#primaryimage"},"thumbnailUrl":"https:\/\/ci4.googleusercontent.com\/proxy\/5mBIa_n4MVj8KLLaeXQqB-FyOWUSg4pQpoO9JQqvaC2yMwAk5JFODglGEpVfaOBnbYKJRxwNxlvtcrhCWDh_T31q-5q9hpubXBaB9ecHrS2a7g=s0-d-e1-ft#http:\/\/imagencorporativa.salesianos.edu\/firma\/salesianos.png","datePublished":"2017-11-10T08:43:13+00:00","dateModified":"2019-01-16T08:57:44+00:00","breadcrumb":{"@id":"https:\/\/campano.salesianos.edu\/colegio\/dep-orientacion\/#breadcrumb"},"inLanguage":"es","potentialAction":[{"@type":"ReadAction","target":["https:\/\/campano.salesianos.edu\/colegio\/dep-orientacion\/"]}]},{"@type":"ImageObject","inLanguage":"es","@id":"https:\/\/campano.salesianos.edu\/colegio\/dep-orientacion\/#primaryimage","url":"https:\/\/ci4.googleusercontent.com\/proxy\/5mBIa_n4MVj8KLLaeXQqB-FyOWUSg4pQpoO9JQqvaC2yMwAk5JFODglGEpVfaOBnbYKJRxwNxlvtcrhCWDh_T31q-5q9hpubXBaB9ecHrS2a7g=s0-d-e1-ft#http:\/\/imagencorporativa.salesianos.edu\/firma\/salesianos.png","contentUrl":"https:\/\/ci4.googleusercontent.com\/proxy\/5mBIa_n4MVj8KLLaeXQqB-FyOWUSg4pQpoO9JQqvaC2yMwAk5JFODglGEpVfaOBnbYKJRxwNxlvtcrhCWDh_T31q-5q9hpubXBaB9ecHrS2a7g=s0-d-e1-ft#http:\/\/imagencorporativa.salesianos.edu\/firma\/salesianos.png"},{"@type":"BreadcrumbList","@id":"https:\/\/campano.salesianos.edu\/colegio\/dep-orientacion\/#breadcrumb","itemListElement":[{"@type":"ListItem","position":1,"name":"Portada","item":"https:\/\/campano.salesianos.edu\/colegio\/"},{"@type":"ListItem","position":2,"name":"Dep. Orientaci\u00f3n"}]},{"@type":"WebSite","@id":"https:\/\/campano.salesianos.edu\/colegio\/#website","url":"https:\/\/campano.salesianos.edu\/colegio\/","name":"Colegio","description":"P\u00e1gina oficial Salesianos Campano","potentialAction":[{"@type":"SearchAction","target":{"@type":"EntryPoint","urlTemplate":"https:\/\/campano.salesianos.edu\/colegio\/?s={search_term_string}"},"query-input":{"@type":"PropertyValueSpecification","valueRequired":true,"valueName":"search_term_string"}}],"inLanguage":"es"}]}},"_links":{"self":[{"href":"https:\/\/campano.salesianos.edu\/colegio\/wp-json\/wp\/v2\/pages\/4680","targetHints":{"allow":["GET"]}}],"collection":[{"href":"https:\/\/campano.salesianos.edu\/colegio\/wp-json\/wp\/v2\/pages"}],"about":[{"href":"https:\/\/campano.salesianos.edu\/colegio\/wp-json\/wp\/v2\/types\/page"}],"author":[{"embeddable":true,"href":"https:\/\/campano.salesianos.edu\/colegio\/wp-json\/wp\/v2\/users\/3"}],"replies":[{"embeddable":true,"href":"https:\/\/campano.salesianos.edu\/colegio\/wp-json\/wp\/v2\/comments?post=4680"}],"version-history":[{"count":13,"href":"https:\/\/campano.salesianos.edu\/colegio\/wp-json\/wp\/v2\/pages\/4680\/revisions"}],"predecessor-version":[{"id":6198,"href":"https:\/\/campano.salesianos.edu\/colegio\/wp-json\/wp\/v2\/pages\/4680\/revisions\/6198"}],"wp:attachment":[{"href":"https:\/\/campano.salesianos.edu\/colegio\/wp-json\/wp\/v2\/media?parent=4680"}],"curies":[{"name":"wp","href":"https:\/\/api.w.org\/{rel}","templated":true}]}}