{"id":100009,"date":"2024-02-20T07:54:29","date_gmt":"2024-02-20T07:54:29","guid":{"rendered":"https:\/\/campano.salesianos.edu\/casa\/?page_id=100009"},"modified":"2024-02-21T14:28:27","modified_gmt":"2024-02-21T14:28:27","slug":"reserva","status":"publish","type":"page","link":"https:\/\/campano.salesianos.edu\/acogida\/reserva\/","title":{"rendered":"Reserva"},"content":{"rendered":"<div id=\"fb-root\"><\/div>\n<p>[et_pb_section fb_built=\u00bb1&#8243; admin_label=\u00bbHeader\u00bb _builder_version=\u00bb4.24.1&#8243; _module_preset=\u00bbdefault\u00bb use_background_color_gradient=\u00bbon\u00bb background_color_gradient_stops=\u00bbrgba(0,0,0,0.78) 0%|rgba(0,0,0,0.51) 100%\u00bb background_color_gradient_overlays_image=\u00bbon\u00bb background_image=\u00bbhttps:\/\/campano.salesianos.edu\/wp-content\/uploads\/2021\/03\/foto-aerea-de-campano-scaled.jpg\u00bb custom_padding=\u00bb8vw||260px||false|false\u00bb da_disable_devices=\u00bboff|off|off\u00bb collapsed=\u00bboff\u00bb global_colors_info=\u00bb{}\u00bb da_is_popup=\u00bboff\u00bb da_exit_intent=\u00bboff\u00bb da_has_close=\u00bbon\u00bb da_alt_close=\u00bboff\u00bb da_dark_close=\u00bboff\u00bb da_not_modal=\u00bbon\u00bb da_is_singular=\u00bboff\u00bb da_with_loader=\u00bboff\u00bb da_has_shadow=\u00bbon\u00bb][et_pb_row admin_label=\u00bbFila\u00bb _builder_version=\u00bb4.20.0&#8243; _module_preset=\u00bbdefault\u00bb global_colors_info=\u00bb{}\u00bb][et_pb_column type=\u00bb4_4&#8243; _builder_version=\u00bb4.20.0&#8243; _module_preset=\u00bbdefault\u00bb global_colors_info=\u00bb{}\u00bb][et_pb_text _builder_version=\u00bb4.24.1&#8243; _module_preset=\u00bb_initial\u00bb text_font_size=\u00bb21px\u00bb header_font=\u00bb|500|||||||\u00bb header_text_align=\u00bbcenter\u00bb header_text_color=\u00bb#FFFFFF\u00bb header_font_size=\u00bb43px\u00bb text_orientation=\u00bbcenter\u00bb background_layout=\u00bbdark\u00bb custom_padding=\u00bb|||271px||\u00bb custom_padding_tablet=\u00bb|||50px|false|false\u00bb custom_padding_phone=\u00bb|||0px|false|false\u00bb custom_padding_last_edited=\u00bbon|phone\u00bb global_colors_info=\u00bb{}\u00bb]<\/p>\n<h1><strong>\u00bfQuieres hacer una reserva de alg\u00fan espacio?<\/strong><\/h1>\n<p>[\/et_pb_text][\/et_pb_column][\/et_pb_row][\/et_pb_section][et_pb_section fb_built=\u00bb1&#8243; admin_label=\u00bbStats\u00bb _builder_version=\u00bb4.20.0&#8243; _module_preset=\u00bbdefault\u00bb background_color=\u00bbRGBA(255,255,255,0)\u00bb custom_padding=\u00bb0px||||false|false\u00bb da_disable_devices=\u00bboff|off|off\u00bb collapsed=\u00bboff\u00bb global_colors_info=\u00bb{}\u00bb da_is_popup=\u00bboff\u00bb da_exit_intent=\u00bboff\u00bb da_has_close=\u00bbon\u00bb da_alt_close=\u00bboff\u00bb da_dark_close=\u00bboff\u00bb da_not_modal=\u00bbon\u00bb da_is_singular=\u00bboff\u00bb da_with_loader=\u00bboff\u00bb da_has_shadow=\u00bbon\u00bb][et_pb_row column_structure=\u00bb1_5,3_5,1_5&#8243; custom_padding_last_edited=\u00bbon|phone\u00bb _builder_version=\u00bb4.22.2&#8243; _module_preset=\u00bbdefault\u00bb background_color=\u00bb#E9E9E9&#8243; custom_margin=\u00bb-148px||||false|false\u00bb custom_padding=\u00bb50px|50px|50px|50px|true|true\u00bb custom_padding_tablet=\u00bb30px|30px|30px|30px|true|true\u00bb custom_padding_phone=\u00bb||||false|false\u00bb border_radii=\u00bboff|6vw|||\u00bb border_radii_last_edited=\u00bboff|desktop\u00bb global_colors_info=\u00bb{}\u00bb][et_pb_column type=\u00bb1_5&#8243; _builder_version=\u00bb4.20.0&#8243; _module_preset=\u00bbdefault\u00bb global_colors_info=\u00bb{}\u00bb][\/et_pb_column][et_pb_column type=\u00bb3_5&#8243; _builder_version=\u00bb4.20.0&#8243; _module_preset=\u00bbdefault\u00bb global_colors_info=\u00bb{}\u00bb][et_pb_text _builder_version=\u00bb4.24.1&#8243; _module_preset=\u00bb_initial\u00bb text_font=\u00bb|300|||||||\u00bb text_text_color=\u00bb#51626F\u00bb text_font_size=\u00bb15px\u00bb header_text_color=\u00bb#51626F\u00bb header_font_size=\u00bb55px\u00bb header_line_height=\u00bb1.1em\u00bb global_colors_info=\u00bb{}\u00bb]<\/p>\n<h1><strong>RESERVA\u00a0<\/strong><\/h1>\n<p>Este formulario es una primera toma de contacto.<\/p>\n<p>[\/et_pb_text][et_pb_contact_form email=\u00bbJos\u00e9luis.garciamoscoso@salesianos.edu\u00bb custom_message=\u00bb%%Nombre%%  ha enviado un mensaje desde el apartado Reserva de espacios (campano.salesianos.edu):||et_pb_line_break_holder||||et_pb_line_break_holder||Datos||et_pb_line_break_holder||&#8212;&#8212;||et_pb_line_break_holder||Espacio de reserva: %%aportacion%%||et_pb_line_break_holder||D\u00edas de reserva: %%periodicidad%%||et_pb_line_break_holder||Direcci\u00f3n Postal %%direccion%%||et_pb_line_break_holder||Localidad: %%localidad%%||et_pb_line_break_holder||DNI: %%DNI%%||et_pb_line_break_holder||Tel\u00e9fono: %%telefono%%||et_pb_line_break_holder||Email: %%email%%||et_pb_line_break_holder||||et_pb_line_break_holder||&#8212;&#8212;||et_pb_line_break_holder||||et_pb_line_break_holder||Puedes responder a este correo directamente salvo que te lo hayan REENVIADO. En ese caso, tendr\u00e1s que redactar un NUEVO CORREO con la respuesta y enviarlo a %%email%%.||et_pb_line_break_holder||||et_pb_line_break_holder||Para cualquier problema o sugerencia sobre el sistema de formularios de la web envia un correo a reservas.campano@salesianos.edu\u00bb success_message=\u00bbSu mensaje ha sido enviado correctamente. Pronto nos pondremos en contacto con usted. Muchas gracias por colaborar con Bosco Global.\u00bb submit_button_text=\u00bbEnviar\u00bb submit_button_text_tablet=\u00bbEnviar \u00bb submit_button_text_phone=\u00bbEnviar\u00bb submit_button_text_last_edited=\u00bbon|phone\u00bb admin_label=\u00bbContact Form\u00bb module_id=\u00bbet_pb_contact_form_0&#8243; _builder_version=\u00bb4.24.1&#8243; _module_preset=\u00bbdefault\u00bb _unique_id=\u00bb3c8676c9-c033-4390-b3ed-f096957066f2&#8243; form_field_background_color=\u00bb#FFFFFF\u00bb form_field_text_color=\u00bbrgba(81,98,111,0.76)\u00bb form_field_focus_text_color=\u00bb#DC001B\u00bb title_level=\u00bbh6&#8243; title_font=\u00bb|300|||||||\u00bb title_text_color=\u00bb#E02B20&#8243; title_font_size=\u00bb30px\u00bb captcha_text_color=\u00bb#51626F\u00bb captcha_font_size=\u00bb15px\u00bb captcha_letter_spacing=\u00bb3px\u00bb custom_button=\u00bbon\u00bb button_text_size=\u00bb15px\u00bb button_text_color=\u00bb#E9E9E9&#8243; button_bg_color=\u00bb#DC001B\u00bb button_border_width=\u00bb0px\u00bb button_border_color=\u00bbRGBA(255,255,255,0)\u00bb button_border_radius=\u00bb0px\u00bb button_letter_spacing=\u00bb0px\u00bb button_font=\u00bbLato|||on|||||\u00bb button_icon=\u00bb&#xe052;||divi||400&#8243; button_custom_margin=\u00bb||14px|12px|false|false\u00bb button_custom_padding=\u00bb|18px||18px|false|true\u00bb hover_enabled=\u00bb0&#8243; global_colors_info=\u00bb{}\u00bb button_custom_padding__hover=\u00bb|26px||26px|false|true\u00bb button_custom_padding__hover_enabled=\u00bbon|hover\u00bb sticky_enabled=\u00bb0&#8243;][et_pb_contact_field field_id=\u00bbaportacion\u00bb field_title=\u00bb\u00bfQu\u00e9 espacio quiero reservar?\u00bb field_type=\u00bbselect\u00bb select_options=\u00bb%91{%22value%22:%22Campobosco%22,%22checked%22:0,%22dragID%22:-1},{%22value%22:%22Casa de la Marquesa%22,%22checked%22:0,%22dragID%22:0},{%22value%22:%22Casa de las Monjas%22,%22checked%22:0,%22dragID%22:1},{%22value%22:%22Casa del Pilar%22,%22checked%22:0,%22dragID%22:2},{%22value%22:%22Albergue%22,%22checked%22:0,%22dragID%22:3}%93&#8243; fullwidth_field=\u00bbon\u00bb _builder_version=\u00bb4.24.1&#8243; _module_preset=\u00bbdefault\u00bb global_colors_info=\u00bb{}\u00bb][\/et_pb_contact_field][et_pb_contact_field field_id=\u00bbperiodicidad\u00bb field_title=\u00bbD\u00edas \/ Mes \/ A\u00f1o \u00bb field_type=\u00bbtext\u00bb fullwidth_field=\u00bbon\u00bb _builder_version=\u00bb4.24.1&#8243; _module_preset=\u00bbdefault\u00bb global_colors_info=\u00bb{}\u00bb][\/et_pb_contact_field][et_pb_contact_field field_id=\u00bbNombre\u00bb field_title=\u00bbNombre y apellidos\u00bb fullwidth_field=\u00bbon\u00bb _builder_version=\u00bb4.21.0&#8243; _module_preset=\u00bbdefault\u00bb global_colors_info=\u00bb{}\u00bb][\/et_pb_contact_field][et_pb_contact_field field_id=\u00bbdireccion\u00bb field_title=\u00bbDirecci\u00f3n\u00bb fullwidth_field=\u00bbon\u00bb _builder_version=\u00bb4.22.2&#8243; _module_preset=\u00bbdefault\u00bb global_colors_info=\u00bb{}\u00bb][\/et_pb_contact_field][et_pb_contact_field field_id=\u00bbLocalidad\u00bb field_title=\u00bbLocalidad\u00bb fullwidth_field=\u00bbon\u00bb _builder_version=\u00bb4.22.2&#8243; _module_preset=\u00bbdefault\u00bb global_colors_info=\u00bb{}\u00bb][\/et_pb_contact_field][et_pb_contact_field field_id=\u00bbtelefono\u00bb field_title=\u00bbTel\u00e9fono\u00bb _builder_version=\u00bb4.22.2&#8243; _module_preset=\u00bbdefault\u00bb form_field_font=\u00bb||||\u00bb global_colors_info=\u00bb{}\u00bb button_text_size__hover_enabled=\u00bboff\u00bb button_one_text_size__hover_enabled=\u00bboff\u00bb button_two_text_size__hover_enabled=\u00bboff\u00bb button_text_color__hover_enabled=\u00bboff\u00bb button_one_text_color__hover_enabled=\u00bboff\u00bb button_two_text_color__hover_enabled=\u00bboff\u00bb button_border_width__hover_enabled=\u00bboff\u00bb button_one_border_width__hover_enabled=\u00bboff\u00bb button_two_border_width__hover_enabled=\u00bboff\u00bb button_border_color__hover_enabled=\u00bboff\u00bb button_one_border_color__hover_enabled=\u00bboff\u00bb button_two_border_color__hover_enabled=\u00bboff\u00bb button_border_radius__hover_enabled=\u00bboff\u00bb button_one_border_radius__hover_enabled=\u00bboff\u00bb button_two_border_radius__hover_enabled=\u00bboff\u00bb button_letter_spacing__hover_enabled=\u00bboff\u00bb button_one_letter_spacing__hover_enabled=\u00bboff\u00bb button_two_letter_spacing__hover_enabled=\u00bboff\u00bb button_bg_color__hover_enabled=\u00bboff\u00bb button_one_bg_color__hover_enabled=\u00bboff\u00bb button_two_bg_color__hover_enabled=\u00bboff\u00bb][\/et_pb_contact_field][et_pb_contact_field field_id=\u00bbemail\u00bb field_title=\u00bbE-mail\u00bb field_type=\u00bbemail\u00bb _builder_version=\u00bb4.24.1&#8243; _module_preset=\u00bbdefault\u00bb global_colors_info=\u00bb{}\u00bb][\/et_pb_contact_field][et_pb_contact_field field_id=\u00bbPrivacidad\u00bb field_title=\u00bb \u00bb field_type=\u00bbcheckbox\u00bb checkbox_options=\u00bb%91{%22value%22:%22Quiero recibir informaci\u00f3n de las diferentes campa\u00f1as y de la actividad que Salesianos Campano lleva a cabo en mi direcci\u00f3n de correo (electr\u00f3nico o postal) facilitado en el presente formulario. (Se puede cancelar en cualquier momento).%22,%22checked%22:0,%22dragID%22:-1,%22link_url%22:%22%22},{%22value%22:%22Acepto la pol\u00edtica de privacidad del sitio%22,%22checked%22:0,%22dragID%22:0,%22link_url%22:%22https:\/\/campano.salesianos.edu\/privacidad\/%22}%93&#8243; fullwidth_field=\u00bbon\u00bb _builder_version=\u00bb4.24.1&#8243; _module_preset=\u00bbdefault\u00bb form_field_background_color=\u00bb#FFFFFF\u00bb form_field_text_color=\u00bb#51626F\u00bb form_field_focus_background_color=\u00bb#E9E9E9&#8243; form_field_focus_text_color=\u00bb#E02B20&#8243; form_field_font=\u00bb||||\u00bb form_field_font_size=\u00bb13px\u00bb form_field_letter_spacing=\u00bb0px\u00bb form_field_line_height=\u00bb1.6em\u00bb text_orientation=\u00bbleft\u00bb custom_margin=\u00bb||1px||false|false\u00bb hover_enabled=\u00bb0&#8243; global_colors_info=\u00bb{}\u00bb button_text_size__hover_enabled=\u00bboff\u00bb button_one_text_size__hover_enabled=\u00bboff\u00bb button_two_text_size__hover_enabled=\u00bboff\u00bb button_text_color__hover_enabled=\u00bboff\u00bb button_one_text_color__hover_enabled=\u00bboff\u00bb button_two_text_color__hover_enabled=\u00bboff\u00bb button_border_width__hover_enabled=\u00bboff\u00bb button_one_border_width__hover_enabled=\u00bboff\u00bb button_two_border_width__hover_enabled=\u00bboff\u00bb button_border_color__hover_enabled=\u00bboff\u00bb button_one_border_color__hover_enabled=\u00bboff\u00bb button_two_border_color__hover_enabled=\u00bboff\u00bb button_border_radius__hover_enabled=\u00bboff\u00bb button_one_border_radius__hover_enabled=\u00bboff\u00bb button_two_border_radius__hover_enabled=\u00bboff\u00bb button_letter_spacing__hover_enabled=\u00bboff\u00bb button_one_letter_spacing__hover_enabled=\u00bboff\u00bb button_two_letter_spacing__hover_enabled=\u00bboff\u00bb button_bg_color__hover_enabled=\u00bboff\u00bb button_one_bg_color__hover_enabled=\u00bboff\u00bb button_two_bg_color__hover_enabled=\u00bboff\u00bb sticky_enabled=\u00bb0&#8243;][\/et_pb_contact_field][\/et_pb_contact_form][\/et_pb_column][et_pb_column type=\u00bb1_5&#8243; _builder_version=\u00bb4.20.0&#8243; _module_preset=\u00bbdefault\u00bb global_colors_info=\u00bb{}\u00bb][\/et_pb_column][\/et_pb_row][\/et_pb_section]<\/p>\n<!-- AddThis Advanced Settings generic via filter on the_content --><!-- AddThis Share Buttons generic via filter on the_content -->","protected":false},"excerpt":{"rendered":"<p><!-- AddThis Advanced Settings generic via filter on the_excerpt --><!-- AddThis Share Buttons generic via filter on the_excerpt --><\/p>\n","protected":false},"author":2,"featured_media":0,"parent":0,"menu_order":0,"comment_status":"closed","ping_status":"closed","template":"","meta":{"_et_pb_use_builder":"on","_et_pb_old_content":"","_et_gb_content_width":"","footnotes":""},"class_list":["post-100009","page","type-page","status-publish","hentry"],"yoast_head":"<!-- This site is optimized with the Yoast SEO plugin v27.4 - https:\/\/yoast.com\/product\/yoast-seo-wordpress\/ -->\n<title>Reserva - Acogida | Salesianos Campano<\/title>\n<meta name=\"robots\" content=\"index, follow, max-snippet:-1, max-image-preview:large, max-video-preview:-1\" \/>\n<link rel=\"canonical\" href=\"https:\/\/campano.salesianos.edu\/acogida\/reserva\/\" \/>\n<meta property=\"og:locale\" content=\"es_ES\" \/>\n<meta property=\"og:type\" content=\"article\" \/>\n<meta property=\"og:title\" content=\"Reserva - Acogida | Salesianos Campano\" \/>\n<meta property=\"og:url\" content=\"https:\/\/campano.salesianos.edu\/acogida\/reserva\/\" \/>\n<meta property=\"og:site_name\" content=\"Acogida | Salesianos Campano\" \/>\n<meta property=\"article:modified_time\" content=\"2024-02-21T14:28:27+00:00\" \/>\n<meta name=\"twitter:card\" content=\"summary_large_image\" \/>\n<meta name=\"twitter:label1\" content=\"Tiempo de lectura\" \/>\n\t<meta name=\"twitter:data1\" content=\"1 minuto\" \/>\n<script type=\"application\/ld+json\" class=\"yoast-schema-graph\">{\"@context\":\"https:\\\/\\\/schema.org\",\"@graph\":[{\"@type\":\"WebPage\",\"@id\":\"https:\\\/\\\/campano.salesianos.edu\\\/acogida\\\/reserva\\\/\",\"url\":\"https:\\\/\\\/campano.salesianos.edu\\\/acogida\\\/reserva\\\/\",\"name\":\"Reserva - Acogida | Salesianos Campano\",\"isPartOf\":{\"@id\":\"https:\\\/\\\/campano.salesianos.edu\\\/acogida\\\/#website\"},\"datePublished\":\"2024-02-20T07:54:29+00:00\",\"dateModified\":\"2024-02-21T14:28:27+00:00\",\"breadcrumb\":{\"@id\":\"https:\\\/\\\/campano.salesianos.edu\\\/acogida\\\/reserva\\\/#breadcrumb\"},\"inLanguage\":\"es\",\"potentialAction\":[{\"@type\":\"ReadAction\",\"target\":[\"https:\\\/\\\/campano.salesianos.edu\\\/acogida\\\/reserva\\\/\"]}]},{\"@type\":\"BreadcrumbList\",\"@id\":\"https:\\\/\\\/campano.salesianos.edu\\\/acogida\\\/reserva\\\/#breadcrumb\",\"itemListElement\":[{\"@type\":\"ListItem\",\"position\":1,\"name\":\"Portada\",\"item\":\"https:\\\/\\\/campano.salesianos.edu\\\/acogida\\\/\"},{\"@type\":\"ListItem\",\"position\":2,\"name\":\"Reserva\"}]},{\"@type\":\"WebSite\",\"@id\":\"https:\\\/\\\/campano.salesianos.edu\\\/acogida\\\/#website\",\"url\":\"https:\\\/\\\/campano.salesianos.edu\\\/acogida\\\/\",\"name\":\"Acogida | Salesianos Campano\",\"description\":\"Campano es un espacio \u00fanico con m\u00e1s de 130 a\u00f1os de historia, ejemplo del desarrollo agrario y educativo.  Una gran oferta de espacios en un entorno \u00fanico donde pasar unas jornadas inolvidables. Ya sean celebraciones, encuentros, retiros, convenciones, cursos de formaci\u00f3n, conferencias, etc., \",\"potentialAction\":[{\"@type\":\"SearchAction\",\"target\":{\"@type\":\"EntryPoint\",\"urlTemplate\":\"https:\\\/\\\/campano.salesianos.edu\\\/acogida\\\/?s={search_term_string}\"},\"query-input\":{\"@type\":\"PropertyValueSpecification\",\"valueRequired\":true,\"valueName\":\"search_term_string\"}}],\"inLanguage\":\"es\"}]}<\/script>\n<!-- \/ Yoast SEO plugin. -->","yoast_head_json":{"title":"Reserva - Acogida | Salesianos Campano","robots":{"index":"index","follow":"follow","max-snippet":"max-snippet:-1","max-image-preview":"max-image-preview:large","max-video-preview":"max-video-preview:-1"},"canonical":"https:\/\/campano.salesianos.edu\/acogida\/reserva\/","og_locale":"es_ES","og_type":"article","og_title":"Reserva - Acogida | Salesianos Campano","og_url":"https:\/\/campano.salesianos.edu\/acogida\/reserva\/","og_site_name":"Acogida | Salesianos Campano","article_modified_time":"2024-02-21T14:28:27+00:00","twitter_card":"summary_large_image","twitter_misc":{"Tiempo de lectura":"1 minuto"},"schema":{"@context":"https:\/\/schema.org","@graph":[{"@type":"WebPage","@id":"https:\/\/campano.salesianos.edu\/acogida\/reserva\/","url":"https:\/\/campano.salesianos.edu\/acogida\/reserva\/","name":"Reserva - Acogida | Salesianos Campano","isPartOf":{"@id":"https:\/\/campano.salesianos.edu\/acogida\/#website"},"datePublished":"2024-02-20T07:54:29+00:00","dateModified":"2024-02-21T14:28:27+00:00","breadcrumb":{"@id":"https:\/\/campano.salesianos.edu\/acogida\/reserva\/#breadcrumb"},"inLanguage":"es","potentialAction":[{"@type":"ReadAction","target":["https:\/\/campano.salesianos.edu\/acogida\/reserva\/"]}]},{"@type":"BreadcrumbList","@id":"https:\/\/campano.salesianos.edu\/acogida\/reserva\/#breadcrumb","itemListElement":[{"@type":"ListItem","position":1,"name":"Portada","item":"https:\/\/campano.salesianos.edu\/acogida\/"},{"@type":"ListItem","position":2,"name":"Reserva"}]},{"@type":"WebSite","@id":"https:\/\/campano.salesianos.edu\/acogida\/#website","url":"https:\/\/campano.salesianos.edu\/acogida\/","name":"Acogida | Salesianos Campano","description":"Campano es un espacio \u00fanico con m\u00e1s de 130 a\u00f1os de historia, ejemplo del desarrollo agrario y educativo.  Una gran oferta de espacios en un entorno \u00fanico donde pasar unas jornadas inolvidables. Ya sean celebraciones, encuentros, retiros, convenciones, cursos de formaci\u00f3n, conferencias, etc., ","potentialAction":[{"@type":"SearchAction","target":{"@type":"EntryPoint","urlTemplate":"https:\/\/campano.salesianos.edu\/acogida\/?s={search_term_string}"},"query-input":{"@type":"PropertyValueSpecification","valueRequired":true,"valueName":"search_term_string"}}],"inLanguage":"es"}]}},"_links":{"self":[{"href":"https:\/\/campano.salesianos.edu\/acogida\/wp-json\/wp\/v2\/pages\/100009","targetHints":{"allow":["GET"]}}],"collection":[{"href":"https:\/\/campano.salesianos.edu\/acogida\/wp-json\/wp\/v2\/pages"}],"about":[{"href":"https:\/\/campano.salesianos.edu\/acogida\/wp-json\/wp\/v2\/types\/page"}],"author":[{"embeddable":true,"href":"https:\/\/campano.salesianos.edu\/acogida\/wp-json\/wp\/v2\/users\/2"}],"replies":[{"embeddable":true,"href":"https:\/\/campano.salesianos.edu\/acogida\/wp-json\/wp\/v2\/comments?post=100009"}],"version-history":[{"count":5,"href":"https:\/\/campano.salesianos.edu\/acogida\/wp-json\/wp\/v2\/pages\/100009\/revisions"}],"predecessor-version":[{"id":100130,"href":"https:\/\/campano.salesianos.edu\/acogida\/wp-json\/wp\/v2\/pages\/100009\/revisions\/100130"}],"wp:attachment":[{"href":"https:\/\/campano.salesianos.edu\/acogida\/wp-json\/wp\/v2\/media?parent=100009"}],"curies":[{"name":"wp","href":"https:\/\/api.w.org\/{rel}","templated":true}]}}